{"id":37783,"date":"2025-10-01T10:12:55","date_gmt":"2025-10-01T10:20:40","guid":{"rendered":"https:\/\/www.finsdesiecles-artdeco.com\/?post_type=product&#038;p=37783"},"modified":"2025-10-01T10:30:43","modified_gmt":"2025-10-01T10:30:43","slug":"armoire-art-deco-avec-miroir-france-1930","status":"publish","type":"product","link":"https:\/\/www.finsdesiecles-artdeco.com\/fr\/product\/armoire-art-deco-avec-miroir-france-1930\/","title":{"rendered":"Armoire Art D\u00e9co avec miroir \u2013 France 1930"},"content":{"rendered":"<p>Armoire Art D\u00e9co avec miroir \u2013 France 1930<\/p>\n<p><strong>Dimensions<\/strong><\/p>\n<p><strong>Total<\/strong><\/p>\n<p><strong>cm<\/strong> 158,5 x 59 (53 +6 poign\u00e9es) x 195<\/p>\n<p><strong>inches<\/strong> 62.40 x 23.23 (20.87 + 2.36 poign\u00e9es) x 76.77<\/p>\n<p><strong>Armoire<\/strong><\/p>\n<p><strong>cm<\/strong> 110 x 59 (53 +6 poign\u00e9es) x 195<\/p>\n<p><strong>inches<\/strong> 43.30 x 23.23 (20.87 + 2.36 poign\u00e9es) x 76.77<\/p>\n<p><strong>Bloc<\/strong><\/p>\n<p><strong>cm<\/strong> 48,5 x 48,5 (44 + 4,5 poign\u00e9es) x 60<\/p>\n<p><strong>inches<\/strong> 19.09 x 19.09 (17.32 + 1.77 poign\u00e9es) x 23.62<\/p>\n<p><strong>Miroir<\/strong><\/p>\n<p><strong>cm<\/strong>\u00a047 x 2 x 128<\/p>\n<p><strong>inches<\/strong>\u00a018.50 x 0.79 x 50.39<\/p>\n","protected":false},"excerpt":{"rendered":"<p>Spectaculaire armoire Art d\u00e9co en acajou massif plaqu\u00e9 de bouleau, 2 portes ouvrant sur un int\u00e9rieur en acajou, 4 \u00e9tag\u00e8res r\u00e9glables en hauteur. Bloc de 2 tiroirs surmont\u00e9 d\u2019un miroir biseaut\u00e9 et d\u2019une applique lumineuse en m\u00e9tal nickel\u00e9 et verre d\u00e9poli, poign\u00e9es en fr\u00eane massif et m\u00e9tal nickel\u00e9, socle en fr\u00eane. Finition cir\u00e9e satin\u00e9. Enti\u00e8rement d\u00e9montable. Tr\u00e8s grande qualit\u00e9.<\/p>\n<p>France 1930<\/p>\n<p>Coiffeuse assortie<\/p>\n<p>&nbsp;<\/p>\n<p><strong>Dimensions<\/strong><\/p>\n<p><strong>Total<\/strong><\/p>\n<p><strong>cm<\/strong> 158,5 x 59 (53 +6 poign\u00e9es) x 195<\/p>\n<p><strong>inches<\/strong> 62.40 x 23.23 (20.87 + 2.36 poign\u00e9es) x 76.77<\/p>\n<p><strong>Armoire<\/strong><\/p>\n<p><strong>cm<\/strong> 110 x 59 (53 +6 poign\u00e9es) x 195<\/p>\n<p><strong>inches<\/strong> 43.30 x 23.23 (20.87 + 2.36 poign\u00e9es) x 76.77<\/p>\n<p><strong>Bloc<\/strong><\/p>\n<p><strong>cm<\/strong> 48,5 x 48,5 (44 + 4,5 poign\u00e9es) x 60<\/p>\n<p><strong>inches<\/strong> 19.09 x 19.09 (17.32 + 1.77 poign\u00e9es) x 23.62<\/p>\n<p><strong>Miroir<\/strong><\/p>\n<p><strong>cm<\/strong>\u00a047 x 2 x 128<\/p>\n<p><strong>inches<\/strong>\u00a018.50 x 0.79 x 50.39<\/p>\n","protected":false},"featured_media":37757,"template":"","meta":{"_editorskit_title_hidden":false,"_editorskit_reading_time":0,"_editorskit_is_block_options_detached":false,"_editorskit_block_options_position":"{}","inline_featured_image":false},"product_brand":[],"product_cat":[415,309],"product_tag":[],"class_list":{"0":"post-37783","1":"product","2":"type-product","3":"status-publish","4":"has-post-thumbnail","6":"product_cat-meubles-de-rangement","7":"product_cat-armoires","9":"first","10":"instock","11":"shipping-taxable","12":"purchasable","13":"product-type-simple"},"_links":{"self":[{"href":"https:\/\/www.finsdesiecles-artdeco.com\/fr\/wp-json\/wp\/v2\/product\/37783","targetHints":{"allow":["GET"]}}],"collection":[{"href":"https:\/\/www.finsdesiecles-artdeco.com\/fr\/wp-json\/wp\/v2\/product"}],"about":[{"href":"https:\/\/www.finsdesiecles-artdeco.com\/fr\/wp-json\/wp\/v2\/types\/product"}],"wp:featuredmedia":[{"embeddable":true,"href":"https:\/\/www.finsdesiecles-artdeco.com\/fr\/wp-json\/wp\/v2\/media\/37757"}],"wp:attachment":[{"href":"https:\/\/www.finsdesiecles-artdeco.com\/fr\/wp-json\/wp\/v2\/media?parent=37783"}],"wp:term":[{"taxonomy":"product_brand","embeddable":true,"href":"https:\/\/www.finsdesiecles-artdeco.com\/fr\/wp-json\/wp\/v2\/product_brand?post=37783"},{"taxonomy":"product_cat","embeddable":true,"href":"https:\/\/www.finsdesiecles-artdeco.com\/fr\/wp-json\/wp\/v2\/product_cat?post=37783"},{"taxonomy":"product_tag","embeddable":true,"href":"https:\/\/www.finsdesiecles-artdeco.com\/fr\/wp-json\/wp\/v2\/product_tag?post=37783"}],"curies":[{"name":"wp","href":"https:\/\/api.w.org\/{rel}","templated":true}]}}