{"id":38548,"date":"2025-11-05T11:34:30","date_gmt":"2025-11-05T11:43:33","guid":{"rendered":"https:\/\/www.finsdesiecles-artdeco.com\/?post_type=product&#038;p=38548"},"modified":"2025-11-05T12:13:00","modified_gmt":"2025-11-05T12:13:00","slug":"grande-table-ovale-art-deco-france-1930","status":"publish","type":"product","link":"https:\/\/www.finsdesiecles-artdeco.com\/fr\/product\/grande-table-ovale-art-deco-france-1930\/","title":{"rendered":"Grande table ovale Art D\u00e9co &#8211; France 1930"},"content":{"rendered":"<p>Grande table ovale Art D\u00e9co &#8211; France 1930<\/p>\n<p><strong>Dimensions<\/strong><\/p>\n<p><strong>cm<\/strong>\u00a0231 x 100 x 75,5<\/p>\n<p><strong>inches<\/strong>\u00a090.95 x 39.37 x 29.72<\/p>\n<p><strong>Table ouverte<\/strong><\/p>\n<p><strong>cm\u00a0<\/strong> 328 (231 + 97 \u2013 allonges 48,5 chacun) x 100 x 75,5<\/p>\n<p><strong>inches<\/strong> 129.13 (90.95 + 38.18 \u2013 allonges 19.09 chacun) x 39.37 x 29.72<\/p>\n","protected":false},"excerpt":{"rendered":"<p>Spectaculaire grande table ovale \u00ab\u00a0paquebot\u00a0\u00bb Art D\u00e9co \u00e0 allonges, en bois massif plaqu\u00e9 de palissandre de Rio. Reposant sur deux colonnes serties sur leur base de laiton nickel\u00e9 et unies par un tube nickel\u00e9. Qualit\u00e9 et dimensions exceptionnelles. Verni au tampon.<\/p>\n<p>France, 1930.<\/p>\n<p>&nbsp;<\/p>\n<p><strong>Dimensions<\/strong><\/p>\n<p><strong>cm<\/strong>\u00a0231 x 100 x 75,5<\/p>\n<p><strong>inches<\/strong>\u00a090.95 x 39.37 x 29.72<\/p>\n<p><strong>Table ouverte<\/strong><\/p>\n<p><strong>cm\u00a0<\/strong> 328 (231 + 97 \u2013 allonges 48,5 chacun) x 100 x 75,5<\/p>\n<p><strong>inches<\/strong> 129.13 (90.95 + 38.18 \u2013 allonges 19.09 chacun) x 39.37 x 29.72<\/p>\n","protected":false},"featured_media":38528,"template":"","meta":{"_editorskit_title_hidden":false,"_editorskit_reading_time":0,"_editorskit_is_block_options_detached":false,"_editorskit_block_options_position":"{}","inline_featured_image":false},"product_brand":[],"product_cat":[256,288],"product_tag":[],"class_list":{"0":"post-38548","1":"product","2":"type-product","3":"status-publish","4":"has-post-thumbnail","6":"product_cat-tables","7":"product_cat-tables-de-salle-a-manger","9":"first","10":"instock","11":"shipping-taxable","12":"purchasable","13":"product-type-simple"},"_links":{"self":[{"href":"https:\/\/www.finsdesiecles-artdeco.com\/fr\/wp-json\/wp\/v2\/product\/38548","targetHints":{"allow":["GET"]}}],"collection":[{"href":"https:\/\/www.finsdesiecles-artdeco.com\/fr\/wp-json\/wp\/v2\/product"}],"about":[{"href":"https:\/\/www.finsdesiecles-artdeco.com\/fr\/wp-json\/wp\/v2\/types\/product"}],"wp:featuredmedia":[{"embeddable":true,"href":"https:\/\/www.finsdesiecles-artdeco.com\/fr\/wp-json\/wp\/v2\/media\/38528"}],"wp:attachment":[{"href":"https:\/\/www.finsdesiecles-artdeco.com\/fr\/wp-json\/wp\/v2\/media?parent=38548"}],"wp:term":[{"taxonomy":"product_brand","embeddable":true,"href":"https:\/\/www.finsdesiecles-artdeco.com\/fr\/wp-json\/wp\/v2\/product_brand?post=38548"},{"taxonomy":"product_cat","embeddable":true,"href":"https:\/\/www.finsdesiecles-artdeco.com\/fr\/wp-json\/wp\/v2\/product_cat?post=38548"},{"taxonomy":"product_tag","embeddable":true,"href":"https:\/\/www.finsdesiecles-artdeco.com\/fr\/wp-json\/wp\/v2\/product_tag?post=38548"}],"curies":[{"name":"wp","href":"https:\/\/api.w.org\/{rel}","templated":true}]}}