{"id":38688,"date":"2025-11-16T15:00:40","date_gmt":"2025-11-16T15:04:32","guid":{"rendered":"https:\/\/www.finsdesiecles-artdeco.com\/?post_type=product&#038;p=38688"},"modified":"2025-11-16T15:04:32","modified_gmt":"2025-11-16T15:04:32","slug":"enfilade-a-trois-portes-italie-1940","status":"publish","type":"product","link":"https:\/\/www.finsdesiecles-artdeco.com\/fr\/product\/enfilade-a-trois-portes-italie-1940\/","title":{"rendered":"Enfilade \u00e0 trois portes &#8211; Italie 1940"},"content":{"rendered":"<p>Enfilade \u00e0 trois portes &#8211; Italie 1940<\/p>\n<p><strong>Dimensions<\/strong><\/p>\n<p><strong>cm<\/strong>\u00a0179 x 45 x 89,5<\/p>\n<p><strong>inches<\/strong>\u00a070.47 x 17.72 x 35.24<\/p>\n","protected":false},"excerpt":{"rendered":"<p>Enfilade \u00e0 trois portes en cerisier massif teint\u00e9 et verni au tampon d\u00e9cor\u00e9e de 36 carr\u00e9s de parchemin. Clefs en laiton nickel\u00e9.<\/p>\n<p>Italie vers 1940<\/p>\n<p>&nbsp;<\/p>\n<p><strong>Dimensions<\/strong><\/p>\n<p><strong>cm<\/strong>\u00a0179 x 45 x 89,5<\/p>\n<p><strong>inches<\/strong>\u00a070.47 x 17.72 x 35.24<\/p>\n","protected":false},"featured_media":38668,"template":"","meta":{"_editorskit_title_hidden":false,"_editorskit_reading_time":0,"_editorskit_is_block_options_detached":false,"_editorskit_block_options_position":"{}","inline_featured_image":false},"product_brand":[],"product_cat":[415,273],"product_tag":[],"class_list":{"0":"post-38688","1":"product","2":"type-product","3":"status-publish","4":"has-post-thumbnail","6":"product_cat-meubles-de-rangement","7":"product_cat-enfilades","9":"first","10":"instock","11":"shipping-taxable","12":"purchasable","13":"product-type-simple"},"_links":{"self":[{"href":"https:\/\/www.finsdesiecles-artdeco.com\/fr\/wp-json\/wp\/v2\/product\/38688","targetHints":{"allow":["GET"]}}],"collection":[{"href":"https:\/\/www.finsdesiecles-artdeco.com\/fr\/wp-json\/wp\/v2\/product"}],"about":[{"href":"https:\/\/www.finsdesiecles-artdeco.com\/fr\/wp-json\/wp\/v2\/types\/product"}],"wp:featuredmedia":[{"embeddable":true,"href":"https:\/\/www.finsdesiecles-artdeco.com\/fr\/wp-json\/wp\/v2\/media\/38668"}],"wp:attachment":[{"href":"https:\/\/www.finsdesiecles-artdeco.com\/fr\/wp-json\/wp\/v2\/media?parent=38688"}],"wp:term":[{"taxonomy":"product_brand","embeddable":true,"href":"https:\/\/www.finsdesiecles-artdeco.com\/fr\/wp-json\/wp\/v2\/product_brand?post=38688"},{"taxonomy":"product_cat","embeddable":true,"href":"https:\/\/www.finsdesiecles-artdeco.com\/fr\/wp-json\/wp\/v2\/product_cat?post=38688"},{"taxonomy":"product_tag","embeddable":true,"href":"https:\/\/www.finsdesiecles-artdeco.com\/fr\/wp-json\/wp\/v2\/product_tag?post=38688"}],"curies":[{"name":"wp","href":"https:\/\/api.w.org\/{rel}","templated":true}]}}