{"id":38838,"date":"2025-11-23T12:49:44","date_gmt":"2025-11-23T13:07:48","guid":{"rendered":"https:\/\/www.finsdesiecles-artdeco.com\/?post_type=product&#038;p=38838"},"modified":"2025-11-23T13:07:48","modified_gmt":"2025-11-23T13:07:48","slug":"encoignure-meuble-bar-art-deco-barcelone-1930","status":"publish","type":"product","link":"https:\/\/www.finsdesiecles-artdeco.com\/fr\/product\/encoignure-meuble-bar-art-deco-barcelone-1930\/","title":{"rendered":"Encoignure meuble-bar Art D\u00e9co &#8211; Barcelone 1930"},"content":{"rendered":"<p>Encoignure meuble-bar Art D\u00e9co &#8211; Barcelone 1930<\/p>\n<p><strong>Dimensions<\/strong><\/p>\n<p><strong>cm<\/strong>\u00a0114 x 60,5 x 129<\/p>\n<p><strong>inches<\/strong>\u00a044.88 x 23.82 x 50.79<\/p>\n<p><strong>Triangle<\/strong><\/p>\n<p><strong>cm<\/strong>\u00a0114 x 81 x 81<\/p>\n<p><strong>inches<\/strong>\u00a044.88 x 31.89 x 31.89<\/p>\n","protected":false},"excerpt":{"rendered":"<p>Encoignure meuble-bar Art D\u00e9co en bois massif plaqu\u00e9 de noyer et de z\u00e9brano pour les portes, qui s&rsquo;ouvrent (deux lat\u00e9rales et une abattante) sur un int\u00e9rieur garni de glaces, d&rsquo;opaline noire et d&rsquo;un plafonnier, trois niches ouvertes et deux portes dans la partie basse s&rsquo;ouvrant sur un grand espace de rangement. Finition cir\u00e9e. Charni\u00e8res et poign\u00e9es en laiton, cuivre et nickel.<\/p>\n<p>Espagne, Barcelone vers 1930.<\/p>\n<p>&nbsp;<\/p>\n<p><strong>Dimensions<\/strong><\/p>\n<p><strong>cm<\/strong>\u00a0114 x 60,5 x 129<\/p>\n<p><strong>inches<\/strong>\u00a044.88 x 23.82 x 50.79<\/p>\n<p><strong>Triangle<\/strong><\/p>\n<p><strong>cm<\/strong>\u00a0114 x 81 x 81<\/p>\n<p><strong>inches<\/strong>\u00a044.88 x 31.89 x 31.89<\/p>\n","protected":false},"featured_media":38806,"template":"","meta":{"_editorskit_title_hidden":false,"_editorskit_reading_time":0,"_editorskit_is_block_options_detached":false,"_editorskit_block_options_position":"{}","inline_featured_image":false},"product_brand":[],"product_cat":[276,318],"product_tag":[],"class_list":{"0":"post-38838","1":"product","2":"type-product","3":"status-publish","4":"has-post-thumbnail","6":"product_cat-auxiliaires","7":"product_cat-meubles-bar","9":"first","10":"instock","11":"shipping-taxable","12":"purchasable","13":"product-type-simple"},"_links":{"self":[{"href":"https:\/\/www.finsdesiecles-artdeco.com\/fr\/wp-json\/wp\/v2\/product\/38838","targetHints":{"allow":["GET"]}}],"collection":[{"href":"https:\/\/www.finsdesiecles-artdeco.com\/fr\/wp-json\/wp\/v2\/product"}],"about":[{"href":"https:\/\/www.finsdesiecles-artdeco.com\/fr\/wp-json\/wp\/v2\/types\/product"}],"wp:featuredmedia":[{"embeddable":true,"href":"https:\/\/www.finsdesiecles-artdeco.com\/fr\/wp-json\/wp\/v2\/media\/38806"}],"wp:attachment":[{"href":"https:\/\/www.finsdesiecles-artdeco.com\/fr\/wp-json\/wp\/v2\/media?parent=38838"}],"wp:term":[{"taxonomy":"product_brand","embeddable":true,"href":"https:\/\/www.finsdesiecles-artdeco.com\/fr\/wp-json\/wp\/v2\/product_brand?post=38838"},{"taxonomy":"product_cat","embeddable":true,"href":"https:\/\/www.finsdesiecles-artdeco.com\/fr\/wp-json\/wp\/v2\/product_cat?post=38838"},{"taxonomy":"product_tag","embeddable":true,"href":"https:\/\/www.finsdesiecles-artdeco.com\/fr\/wp-json\/wp\/v2\/product_tag?post=38838"}],"curies":[{"name":"wp","href":"https:\/\/api.w.org\/{rel}","templated":true}]}}