{"id":38926,"date":"2025-11-27T10:25:27","date_gmt":"2025-11-27T10:31:41","guid":{"rendered":"https:\/\/www.finsdesiecles-artdeco.com\/?post_type=product&#038;p=38926"},"modified":"2025-11-27T10:31:41","modified_gmt":"2025-11-27T10:31:41","slug":"grand-vase-en-gres-sale-par-guerin-belgique-1940","status":"publish","type":"product","link":"https:\/\/www.finsdesiecles-artdeco.com\/fr\/product\/grand-vase-en-gres-sale-par-guerin-belgique-1940\/","title":{"rendered":"Grand vase en gr\u00e8s sal\u00e9 par Gu\u00e9rin &#8211; Belgique 1940"},"content":{"rendered":"<p>Grand vase en gr\u00e8s sal\u00e9 par Gu\u00e9rin &#8211; Belgique 1940<\/p>\n<p><strong>Dimensions<\/strong><\/p>\n<p><strong>cm<\/strong>\u00a0Diam 38 x 39<\/p>\n<p><strong>inches<\/strong>\u00a0Diam 14.96 x 15.35<\/p>\n","protected":false},"excerpt":{"rendered":"<p>Grand vase en gr\u00e8s sal\u00e9 \u00e9maill\u00e9 \u00e1 coulures dans les tons bleu p\u00e2le-marron-beige.<\/p>\n<p>Sign\u00e9 Gu\u00e9rin 132 K.<\/p>\n<p>Belgique, Chatelet vers 1940<\/p>\n<p>&nbsp;<\/p>\n<p><strong>Dimensions<\/strong><\/p>\n<p><strong>cm<\/strong>\u00a0Diam 38 x 39<\/p>\n<p><strong>inches<\/strong>\u00a0Diam 14.96 x 15.35<\/p>\n","protected":false},"featured_media":38909,"template":"","meta":{"_editorskit_title_hidden":false,"_editorskit_reading_time":0,"_editorskit_is_block_options_detached":false,"_editorskit_block_options_position":"{}","inline_featured_image":false},"product_brand":[],"product_cat":[462,267],"product_tag":[],"class_list":{"0":"post-38926","1":"product","2":"type-product","3":"status-publish","4":"has-post-thumbnail","6":"product_cat-ceramiques","7":"product_cat-objets-et-accessoires","9":"first","10":"instock","11":"shipping-taxable","12":"purchasable","13":"product-type-simple"},"_links":{"self":[{"href":"https:\/\/www.finsdesiecles-artdeco.com\/fr\/wp-json\/wp\/v2\/product\/38926","targetHints":{"allow":["GET"]}}],"collection":[{"href":"https:\/\/www.finsdesiecles-artdeco.com\/fr\/wp-json\/wp\/v2\/product"}],"about":[{"href":"https:\/\/www.finsdesiecles-artdeco.com\/fr\/wp-json\/wp\/v2\/types\/product"}],"wp:featuredmedia":[{"embeddable":true,"href":"https:\/\/www.finsdesiecles-artdeco.com\/fr\/wp-json\/wp\/v2\/media\/38909"}],"wp:attachment":[{"href":"https:\/\/www.finsdesiecles-artdeco.com\/fr\/wp-json\/wp\/v2\/media?parent=38926"}],"wp:term":[{"taxonomy":"product_brand","embeddable":true,"href":"https:\/\/www.finsdesiecles-artdeco.com\/fr\/wp-json\/wp\/v2\/product_brand?post=38926"},{"taxonomy":"product_cat","embeddable":true,"href":"https:\/\/www.finsdesiecles-artdeco.com\/fr\/wp-json\/wp\/v2\/product_cat?post=38926"},{"taxonomy":"product_tag","embeddable":true,"href":"https:\/\/www.finsdesiecles-artdeco.com\/fr\/wp-json\/wp\/v2\/product_tag?post=38926"}],"curies":[{"name":"wp","href":"https:\/\/api.w.org\/{rel}","templated":true}]}}