{"id":39409,"date":"2025-12-29T12:23:55","date_gmt":"2025-12-29T12:33:47","guid":{"rendered":"https:\/\/www.finsdesiecles-artdeco.com\/?post_type=product&#038;p=39409"},"modified":"2025-12-29T12:33:47","modified_gmt":"2025-12-29T12:33:47","slug":"enfilade-art-deco-a-3-portes-france-1930","status":"publish","type":"product","link":"https:\/\/www.finsdesiecles-artdeco.com\/fr\/product\/enfilade-art-deco-a-3-portes-france-1930\/","title":{"rendered":"Enfilade Art D\u00e9co \u00e0 3 portes &#8211; France 1930"},"content":{"rendered":"<p>Enfilade Art D\u00e9co \u00e0 3 portes &#8211; France 1930<\/p>\n<p><strong>Dimensions<\/strong><\/p>\n<p><strong>cm<\/strong> 186 (180 + 6 socle) x 52,5 x 105,5<\/p>\n<p><strong>inches<\/strong> 73.23 (70.87 + 2.36 socle) x 20.67 x 41.54<\/p>\n","protected":false},"excerpt":{"rendered":"<p>Enfilade Art D\u00e9co \u00e0 3 portes reposant par les c\u00f4t\u00e9s sur un socle cubiste, placage ext\u00e9rieur de palissandre de Rio, int\u00e9rieur en placage de noyer, d\u00e9coration sous la porte centrale, poign\u00e9es, clef et charni\u00e8res en laiton nickel\u00e9, dessus en marbre noir de Belgique. Deux tiroirs int\u00e9rieurs. Vernis au tampon.<\/p>\n<p>France 1930<\/p>\n<p>&nbsp;<\/p>\n<p><strong>Dimensions<\/strong><\/p>\n<p><strong>cm<\/strong> 186 (180 + 6 socle) x 52,5 x 105,5<\/p>\n<p><strong>inches<\/strong> 73.23 (70.87 + 2.36 socle) x 20.67 x 41.54<\/p>\n","protected":false},"featured_media":39380,"template":"","meta":{"_editorskit_title_hidden":false,"_editorskit_reading_time":0,"_editorskit_is_block_options_detached":false,"_editorskit_block_options_position":"{}","inline_featured_image":false},"product_brand":[],"product_cat":[415,273],"product_tag":[],"class_list":{"0":"post-39409","1":"product","2":"type-product","3":"status-publish","4":"has-post-thumbnail","6":"product_cat-meubles-de-rangement","7":"product_cat-enfilades","9":"first","10":"instock","11":"shipping-taxable","12":"purchasable","13":"product-type-simple"},"_links":{"self":[{"href":"https:\/\/www.finsdesiecles-artdeco.com\/fr\/wp-json\/wp\/v2\/product\/39409","targetHints":{"allow":["GET"]}}],"collection":[{"href":"https:\/\/www.finsdesiecles-artdeco.com\/fr\/wp-json\/wp\/v2\/product"}],"about":[{"href":"https:\/\/www.finsdesiecles-artdeco.com\/fr\/wp-json\/wp\/v2\/types\/product"}],"wp:featuredmedia":[{"embeddable":true,"href":"https:\/\/www.finsdesiecles-artdeco.com\/fr\/wp-json\/wp\/v2\/media\/39380"}],"wp:attachment":[{"href":"https:\/\/www.finsdesiecles-artdeco.com\/fr\/wp-json\/wp\/v2\/media?parent=39409"}],"wp:term":[{"taxonomy":"product_brand","embeddable":true,"href":"https:\/\/www.finsdesiecles-artdeco.com\/fr\/wp-json\/wp\/v2\/product_brand?post=39409"},{"taxonomy":"product_cat","embeddable":true,"href":"https:\/\/www.finsdesiecles-artdeco.com\/fr\/wp-json\/wp\/v2\/product_cat?post=39409"},{"taxonomy":"product_tag","embeddable":true,"href":"https:\/\/www.finsdesiecles-artdeco.com\/fr\/wp-json\/wp\/v2\/product_tag?post=39409"}],"curies":[{"name":"wp","href":"https:\/\/api.w.org\/{rel}","templated":true}]}}