{"id":39447,"date":"2025-12-30T10:51:32","date_gmt":"2025-12-30T11:05:03","guid":{"rendered":"https:\/\/www.finsdesiecles-artdeco.com\/?post_type=product&#038;p=39447"},"modified":"2025-12-30T11:05:03","modified_gmt":"2025-12-30T11:05:03","slug":"gueridon-haut-art-deco-france-1925","status":"publish","type":"product","link":"https:\/\/www.finsdesiecles-artdeco.com\/fr\/product\/gueridon-haut-art-deco-france-1925\/","title":{"rendered":"Gu\u00e9ridon haut Art D\u00e9co &#8211; France 1925"},"content":{"rendered":"<p>Gu\u00e9ridon haut Art D\u00e9co &#8211; France 1925<\/p>\n<p><strong>Dimensions<\/strong><\/p>\n<p><strong>cm<\/strong> Diam 50 \/ 54 avec pieds x 75,5<\/p>\n<p><strong>inches<\/strong> Diam 19.69 \/ 21.26 avec pieds x 29.72<\/p>\n","protected":false},"excerpt":{"rendered":"<p>Superbe gu\u00e9ridon haut Art D\u00e9co en cerisier massif et marqueterie de cerisier sur le plateau sup\u00e9rieur moulur\u00e9, pieds godronn\u00e9s et fusel\u00e9s, tr\u00e9s belle facture, vernis au tampon.<\/p>\n<p>France vers 1925<\/p>\n<p>&nbsp;<\/p>\n<p><strong>Dimensions<\/strong><\/p>\n<p><strong>cm<\/strong> Diam 50 \/ 54 avec pieds x 75,5<\/p>\n<p><strong>inches<\/strong> Diam 19.69 \/ 21.26 avec pieds x 29.72<\/p>\n","protected":false},"featured_media":39424,"template":"","meta":{"_editorskit_title_hidden":false,"_editorskit_reading_time":0,"_editorskit_is_block_options_detached":false,"_editorskit_block_options_position":"{}","inline_featured_image":false},"product_brand":[],"product_cat":[256,257],"product_tag":[],"class_list":{"0":"post-39447","1":"product","2":"type-product","3":"status-publish","4":"has-post-thumbnail","6":"product_cat-tables","7":"product_cat-gueridons","9":"first","10":"instock","11":"shipping-taxable","12":"purchasable","13":"product-type-simple"},"_links":{"self":[{"href":"https:\/\/www.finsdesiecles-artdeco.com\/fr\/wp-json\/wp\/v2\/product\/39447","targetHints":{"allow":["GET"]}}],"collection":[{"href":"https:\/\/www.finsdesiecles-artdeco.com\/fr\/wp-json\/wp\/v2\/product"}],"about":[{"href":"https:\/\/www.finsdesiecles-artdeco.com\/fr\/wp-json\/wp\/v2\/types\/product"}],"wp:featuredmedia":[{"embeddable":true,"href":"https:\/\/www.finsdesiecles-artdeco.com\/fr\/wp-json\/wp\/v2\/media\/39424"}],"wp:attachment":[{"href":"https:\/\/www.finsdesiecles-artdeco.com\/fr\/wp-json\/wp\/v2\/media?parent=39447"}],"wp:term":[{"taxonomy":"product_brand","embeddable":true,"href":"https:\/\/www.finsdesiecles-artdeco.com\/fr\/wp-json\/wp\/v2\/product_brand?post=39447"},{"taxonomy":"product_cat","embeddable":true,"href":"https:\/\/www.finsdesiecles-artdeco.com\/fr\/wp-json\/wp\/v2\/product_cat?post=39447"},{"taxonomy":"product_tag","embeddable":true,"href":"https:\/\/www.finsdesiecles-artdeco.com\/fr\/wp-json\/wp\/v2\/product_tag?post=39447"}],"curies":[{"name":"wp","href":"https:\/\/api.w.org\/{rel}","templated":true}]}}