{"id":39558,"date":"2026-01-06T13:31:47","date_gmt":"2026-01-06T15:16:05","guid":{"rendered":"https:\/\/www.finsdesiecles-artdeco.com\/?post_type=product&#038;p=39558"},"modified":"2026-01-06T15:17:46","modified_gmt":"2026-01-06T15:17:46","slug":"enfilade-art-deco-par-jean-faure-france-1930","status":"publish","type":"product","link":"https:\/\/www.finsdesiecles-artdeco.com\/fr\/product\/enfilade-art-deco-par-jean-faure-france-1930\/","title":{"rendered":"Enfilade Art D\u00e9co par Jean Faur\u00e9 &#8211; France 1930"},"content":{"rendered":"<p><strong>JEAN FAUR\u00c9<\/strong>\u00a0(Toulouse 1896-1983)<\/p>\n<p>N\u00e9 dans un milieu favorable \u00e0 son \u00e9panouissement comme \u00e9b\u00e9niste, Jean Faur\u00e9 commence \u00e0 13 ans \u00e0 travailler dans l\u2019atelier de L\u00e9on Arbus, o\u00f9 son p\u00e8re est ouvrier. Il \u00e9tudie \u00e0 l\u2019\u00c9cole des beaux-arts de Toulouse (1910-1914) et parach\u00e8ve sa formation dans l\u2019atelier d\u2019Alet. En 1923 il prend part \u00e0 l\u2019Exposition des Arts appliqu\u00e9s et d\u00e9coratifs de Bayonne-Biarritz (dipl\u00f4me d\u2019honneur) et \u00e0 celle des Arts d\u00e9coratifs de Tanger. Ses pi\u00e8ces se caract\u00e9risent par une ligne \u00e9pur\u00e9e, des volumes rigoureux et de mat\u00e9riaux traditionnels. \u00c0 c\u00f4t\u00e9 de meubles moins co\u00fbteux, il multiplie les ensembles luxueux et cr\u00e9e un mobilier original b\u00e2ti selon ses propres crit\u00e8res et o\u00f9 l\u2019esth\u00e9tique primait, avec la combinaison d\u2019essences nobles (palissandre, amarante, \u00e9b\u00e8ne de Macassar, le bubinga, tamo du Japon, etc.) et d\u2019ornements en bronze. Faur\u00e9 prend part activement \u00e0 la r\u00e9novation de l\u2019art mobilier toulousain \u00e0 la fois d\u2019un point de vue th\u00e9orique en r\u00e9fl\u00e9chissant sur son m\u00e9tier, d\u2019o\u00f9 des \u00e9crits publi\u00e9s dans l\u2019<em>Art M\u00e9ridional<\/em>, et pratique en appliquant ses conceptions de l\u2019\u00e9b\u00e9nisterie \u00e0 ses cr\u00e9ations.<\/p>\n","protected":false},"excerpt":{"rendered":"<p>Spectaculaire enfilade Art D\u00e9co en acajou massif plaqu\u00e9 de palissandre de Rio ouvrant par deux portes sur un int\u00e9rieur contenant 2 \u00e9tag\u00e8res en ch\u00eane massif r\u00e9glables en hauteur, agr\u00e9ment\u00e9es de marqueterie sur les champs. Fond en acajou massif. Plateau sup\u00e9rieur en Onyx de toute beaut\u00e9. Poign\u00e9es et charni\u00e8res en laiton nickel\u00e9. Vernis au tampon.<\/p>\n<p>Design: Jean Faur\u00e9 \u00e9b\u00e9niste \u00e0 Toulouse. Monograme en marqueterie en bas \u00e0 droite.<\/p>\n<p>France vers 1930<\/p>\n<p>&nbsp;<\/p>\n<p><strong>Dimensions<\/strong><\/p>\n<p><strong>cm<\/strong> 152 x 48 + 2 (poign\u00e9es) x 97<\/p>\n<p><strong>inches<\/strong> 59.84 x 18.90 + 0.79 (poign\u00e9es) x 38.19<\/p>\n","protected":false},"featured_media":39520,"template":"","meta":{"_editorskit_title_hidden":false,"_editorskit_reading_time":0,"_editorskit_is_block_options_detached":false,"_editorskit_block_options_position":"{}","inline_featured_image":false},"product_brand":[],"product_cat":[415,273],"product_tag":[],"class_list":{"0":"post-39558","1":"product","2":"type-product","3":"status-publish","4":"has-post-thumbnail","6":"product_cat-meubles-de-rangement","7":"product_cat-enfilades","9":"first","10":"instock","11":"shipping-taxable","12":"purchasable","13":"product-type-simple"},"_links":{"self":[{"href":"https:\/\/www.finsdesiecles-artdeco.com\/fr\/wp-json\/wp\/v2\/product\/39558","targetHints":{"allow":["GET"]}}],"collection":[{"href":"https:\/\/www.finsdesiecles-artdeco.com\/fr\/wp-json\/wp\/v2\/product"}],"about":[{"href":"https:\/\/www.finsdesiecles-artdeco.com\/fr\/wp-json\/wp\/v2\/types\/product"}],"wp:featuredmedia":[{"embeddable":true,"href":"https:\/\/www.finsdesiecles-artdeco.com\/fr\/wp-json\/wp\/v2\/media\/39520"}],"wp:attachment":[{"href":"https:\/\/www.finsdesiecles-artdeco.com\/fr\/wp-json\/wp\/v2\/media?parent=39558"}],"wp:term":[{"taxonomy":"product_brand","embeddable":true,"href":"https:\/\/www.finsdesiecles-artdeco.com\/fr\/wp-json\/wp\/v2\/product_brand?post=39558"},{"taxonomy":"product_cat","embeddable":true,"href":"https:\/\/www.finsdesiecles-artdeco.com\/fr\/wp-json\/wp\/v2\/product_cat?post=39558"},{"taxonomy":"product_tag","embeddable":true,"href":"https:\/\/www.finsdesiecles-artdeco.com\/fr\/wp-json\/wp\/v2\/product_tag?post=39558"}],"curies":[{"name":"wp","href":"https:\/\/api.w.org\/{rel}","templated":true}]}}