{"id":39632,"date":"2026-01-11T17:30:25","date_gmt":"2026-01-11T17:36:58","guid":{"rendered":"https:\/\/www.finsdesiecles-artdeco.com\/?post_type=product&#038;p=39632"},"modified":"2026-01-11T17:36:59","modified_gmt":"2026-01-11T17:36:59","slug":"paire-de-chevets-art-deco-france-1920-25","status":"publish","type":"product","link":"https:\/\/www.finsdesiecles-artdeco.com\/fr\/product\/paire-de-chevets-art-deco-france-1920-25\/","title":{"rendered":"Paire de chevets Art D\u00e9co &#8211; France 1920-25"},"content":{"rendered":"<p>Paire de chevets Art D\u00e9co &#8211; France 1920-25<\/p>\n<p><strong>Dimensions<\/strong><\/p>\n<p><strong>cm<\/strong> 45 (haut)\/47 (bas) x 33 x 61<\/p>\n<p><strong>inches<\/strong> 17.72 (haut)\/18.50 (bas) x 12.99 x 24.02<\/p>\n","protected":false},"excerpt":{"rendered":"<p>Paire de chevets Art D\u00e9co en acajou massif plaqu\u00e9 de palissandre de Rio. Un abattant ouvrant sur un grand espace surmont\u00e9 d&rsquo;une niche en \u00e9rable (fond en miroir) dessus en verre. Poign\u00e9es en laiton nickel\u00e9. Vernis au tampon.<\/p>\n<p>France vers 1920-25<\/p>\n<p>&nbsp;<\/p>\n<p><strong>Dimensions<\/strong><\/p>\n<p><strong>cm<\/strong> 45 (haut)\/47 (bas) x 33 x 61<\/p>\n<p><strong>inches<\/strong> 17.72 (haut)\/18.50 (bas) x 12.99 x 24.02<\/p>\n","protected":false},"featured_media":39609,"template":"","meta":{"_editorskit_title_hidden":false,"_editorskit_reading_time":0,"_editorskit_is_block_options_detached":false,"_editorskit_block_options_position":"{}","inline_featured_image":false},"product_brand":[],"product_cat":[415,256,270,312],"product_tag":[],"class_list":{"0":"post-39632","1":"product","2":"type-product","3":"status-publish","4":"has-post-thumbnail","6":"product_cat-meubles-de-rangement","7":"product_cat-tables","8":"product_cat-chambres-a-coucher","9":"product_cat-tables-de-nuit","11":"first","12":"instock","13":"shipping-taxable","14":"purchasable","15":"product-type-simple"},"_links":{"self":[{"href":"https:\/\/www.finsdesiecles-artdeco.com\/fr\/wp-json\/wp\/v2\/product\/39632","targetHints":{"allow":["GET"]}}],"collection":[{"href":"https:\/\/www.finsdesiecles-artdeco.com\/fr\/wp-json\/wp\/v2\/product"}],"about":[{"href":"https:\/\/www.finsdesiecles-artdeco.com\/fr\/wp-json\/wp\/v2\/types\/product"}],"wp:featuredmedia":[{"embeddable":true,"href":"https:\/\/www.finsdesiecles-artdeco.com\/fr\/wp-json\/wp\/v2\/media\/39609"}],"wp:attachment":[{"href":"https:\/\/www.finsdesiecles-artdeco.com\/fr\/wp-json\/wp\/v2\/media?parent=39632"}],"wp:term":[{"taxonomy":"product_brand","embeddable":true,"href":"https:\/\/www.finsdesiecles-artdeco.com\/fr\/wp-json\/wp\/v2\/product_brand?post=39632"},{"taxonomy":"product_cat","embeddable":true,"href":"https:\/\/www.finsdesiecles-artdeco.com\/fr\/wp-json\/wp\/v2\/product_cat?post=39632"},{"taxonomy":"product_tag","embeddable":true,"href":"https:\/\/www.finsdesiecles-artdeco.com\/fr\/wp-json\/wp\/v2\/product_tag?post=39632"}],"curies":[{"name":"wp","href":"https:\/\/api.w.org\/{rel}","templated":true}]}}