{"id":39664,"date":"2026-01-12T13:15:47","date_gmt":"2026-01-12T13:21:43","guid":{"rendered":"https:\/\/www.finsdesiecles-artdeco.com\/?post_type=product&#038;p=39664"},"modified":"2026-01-12T13:21:44","modified_gmt":"2026-01-12T13:21:44","slug":"paire-de-chevets-arrondis-art-deco-france-1930","status":"publish","type":"product","link":"https:\/\/www.finsdesiecles-artdeco.com\/fr\/product\/paire-de-chevets-arrondis-art-deco-france-1930\/","title":{"rendered":"Paire de chevets arrondis Art D\u00e9co &#8211; France 1930"},"content":{"rendered":"<p>Paire de chevets arrondis Art D\u00e9co &#8211; France 1930<\/p>\n<p><strong>Dimensions<\/strong><\/p>\n<p><strong>cm<\/strong> 49 x 32 x 54,5 + 5,5 (dos)<\/p>\n<p><strong>inches<\/strong> 15.75 x 12.60 x 21.45 + 2.17 (dos)<\/p>\n","protected":false},"excerpt":{"rendered":"<p>Paire de gros chevets arrondis Art D\u00e9co en acajou massif plaqu\u00e9 de palissandre. Tr\u00e8s grande qualit\u00e9 de fabrication et d&rsquo;ex\u00e9cution. Vernis au tampon.<\/p>\n<p>France 1930<\/p>\n<p>&nbsp;<\/p>\n<p><strong>Dimensions<\/strong><\/p>\n<p><strong>cm<\/strong> 49 x 32 x 54,5 + 5,5 (dos)<\/p>\n<p><strong>inches<\/strong> 15.75 x 12.60 x 21.45 + 2.17 (dos)<\/p>\n","protected":false},"featured_media":39644,"template":"","meta":{"_editorskit_title_hidden":false,"_editorskit_reading_time":0,"_editorskit_is_block_options_detached":false,"_editorskit_block_options_position":"{}","inline_featured_image":false},"product_brand":[],"product_cat":[415,256,270,312],"product_tag":[],"class_list":{"0":"post-39664","1":"product","2":"type-product","3":"status-publish","4":"has-post-thumbnail","6":"product_cat-meubles-de-rangement","7":"product_cat-tables","8":"product_cat-chambres-a-coucher","9":"product_cat-tables-de-nuit","11":"first","12":"instock","13":"shipping-taxable","14":"purchasable","15":"product-type-simple"},"_links":{"self":[{"href":"https:\/\/www.finsdesiecles-artdeco.com\/fr\/wp-json\/wp\/v2\/product\/39664","targetHints":{"allow":["GET"]}}],"collection":[{"href":"https:\/\/www.finsdesiecles-artdeco.com\/fr\/wp-json\/wp\/v2\/product"}],"about":[{"href":"https:\/\/www.finsdesiecles-artdeco.com\/fr\/wp-json\/wp\/v2\/types\/product"}],"wp:featuredmedia":[{"embeddable":true,"href":"https:\/\/www.finsdesiecles-artdeco.com\/fr\/wp-json\/wp\/v2\/media\/39644"}],"wp:attachment":[{"href":"https:\/\/www.finsdesiecles-artdeco.com\/fr\/wp-json\/wp\/v2\/media?parent=39664"}],"wp:term":[{"taxonomy":"product_brand","embeddable":true,"href":"https:\/\/www.finsdesiecles-artdeco.com\/fr\/wp-json\/wp\/v2\/product_brand?post=39664"},{"taxonomy":"product_cat","embeddable":true,"href":"https:\/\/www.finsdesiecles-artdeco.com\/fr\/wp-json\/wp\/v2\/product_cat?post=39664"},{"taxonomy":"product_tag","embeddable":true,"href":"https:\/\/www.finsdesiecles-artdeco.com\/fr\/wp-json\/wp\/v2\/product_tag?post=39664"}],"curies":[{"name":"wp","href":"https:\/\/api.w.org\/{rel}","templated":true}]}}