{"id":3969,"date":"2017-07-11T17:46:43","date_gmt":"2017-07-11T17:46:43","guid":{"rendered":"https:\/\/www.finsdesiecles-artdeco.com\/?product=fauteuils"},"modified":"2022-08-09T11:44:47","modified_gmt":"2022-08-09T11:44:47","slug":"paire-de-fauteuils-des-annees-70","status":"publish","type":"product","link":"https:\/\/www.finsdesiecles-artdeco.com\/fr\/product\/paire-de-fauteuils-des-annees-70\/","title":{"rendered":"Paire de fauteuils par Dieter Rams"},"content":{"rendered":"<p>Paire de fauteuils par Dieter Rams<\/p>\n<hr \/>\n<p><b>Dimensions<\/b><\/p>\n<ul>\n<li><b>cm:<\/b> 79 x 72 x 76 Assise 42<\/li>\n<li><b>inches:<\/b> 31.1 x 28.35 x 29.92 Assise 16.54<\/li>\n<\/ul>\n","protected":false},"excerpt":{"rendered":"<p>Rare paire de fauteuils en bois laqu\u00e9 blanc, assises et coussins en tissu bouclette bleu nuit, syst\u00e8me de fixation des coussins par boutons-pression, visserie et \u00e9l\u00e9ments m\u00e9talliques en laiton nickel\u00e9.<\/p>\n<p>Design: Dieter Rams<\/p>\n<p>Allemagne vers 1970.<\/p>\n<p><b>Dimensions<\/b><\/p>\n<ul>\n<li><b>cm:<\/b> 79 x 72 x 76 Assise 42<\/li>\n<li><b>inches:<\/b> 31.1 x 28.35 x 29.92 Assise 16.54<\/li>\n<\/ul>\n","protected":false},"featured_media":3959,"template":"","meta":{"_editorskit_title_hidden":false,"_editorskit_reading_time":0,"_editorskit_is_block_options_detached":false,"_editorskit_block_options_position":"{}","inline_featured_image":false},"product_brand":[],"product_cat":[250,251],"product_tag":[],"class_list":{"0":"post-3969","1":"product","2":"type-product","3":"status-publish","4":"has-post-thumbnail","6":"product_cat-sieges","7":"product_cat-fauteuils","9":"first","10":"instock","11":"purchasable","12":"product-type-simple"},"_links":{"self":[{"href":"https:\/\/www.finsdesiecles-artdeco.com\/fr\/wp-json\/wp\/v2\/product\/3969","targetHints":{"allow":["GET"]}}],"collection":[{"href":"https:\/\/www.finsdesiecles-artdeco.com\/fr\/wp-json\/wp\/v2\/product"}],"about":[{"href":"https:\/\/www.finsdesiecles-artdeco.com\/fr\/wp-json\/wp\/v2\/types\/product"}],"wp:featuredmedia":[{"embeddable":true,"href":"https:\/\/www.finsdesiecles-artdeco.com\/fr\/wp-json\/wp\/v2\/media\/3959"}],"wp:attachment":[{"href":"https:\/\/www.finsdesiecles-artdeco.com\/fr\/wp-json\/wp\/v2\/media?parent=3969"}],"wp:term":[{"taxonomy":"product_brand","embeddable":true,"href":"https:\/\/www.finsdesiecles-artdeco.com\/fr\/wp-json\/wp\/v2\/product_brand?post=3969"},{"taxonomy":"product_cat","embeddable":true,"href":"https:\/\/www.finsdesiecles-artdeco.com\/fr\/wp-json\/wp\/v2\/product_cat?post=3969"},{"taxonomy":"product_tag","embeddable":true,"href":"https:\/\/www.finsdesiecles-artdeco.com\/fr\/wp-json\/wp\/v2\/product_tag?post=3969"}],"curies":[{"name":"wp","href":"https:\/\/api.w.org\/{rel}","templated":true}]}}