{"id":39714,"date":"2026-01-14T15:08:23","date_gmt":"2026-01-14T15:15:58","guid":{"rendered":"https:\/\/www.finsdesiecles-artdeco.com\/?post_type=product&#038;p=39714"},"modified":"2026-01-14T15:15:59","modified_gmt":"2026-01-14T15:15:59","slug":"serie-de-3-tables-gigognes-italie-1950","status":"publish","type":"product","link":"https:\/\/www.finsdesiecles-artdeco.com\/fr\/product\/serie-de-3-tables-gigognes-italie-1950\/","title":{"rendered":"S\u00e9rie de 3 tables gigognes &#8211; Italie 1950"},"content":{"rendered":"<p>S\u00e9rie de 3 tables gigognes &#8211; Italie 1950<\/p>\n<p><strong>Dimensions<\/strong><\/p>\n<p><strong>GRANDE TABLE<\/strong><\/p>\n<p><strong>cm<\/strong>\u00a060 x 39 x 52,5<\/p>\n<p><strong>inches<\/strong>\u00a023.62 x 15.35 x 20.67<\/p>\n<p><strong>TABLE MOYENNE<\/strong><\/p>\n<p><strong>cm<\/strong>\u00a045 x 30 x 47<\/p>\n<p><strong>inches<\/strong>\u00a017.71 x 11.81 x 18.50<\/p>\n<p><strong>TABLE PETITE<\/strong><\/p>\n<p><strong>cm<\/strong>\u00a033 x 27 x 41,5<\/p>\n<p><strong>inches<\/strong>\u00a012.99 x 10.63 x 16.34<\/p>\n","protected":false},"excerpt":{"rendered":"<p>S\u00e9rie de 3 tables gigognes en acier noir\u00e7i, laiton dor\u00e9 et verre.<\/p>\n<p>Attribu\u00e9 \u00e0 Angelo Ostuni.<\/p>\n<p>Italie vers 1950<\/p>\n<p>&nbsp;<\/p>\n<p><strong>Dimensions<\/strong><\/p>\n<p><strong>GRANDE TABLE<\/strong><\/p>\n<p><strong>cm<\/strong>\u00a060 x 39 x 52,5<\/p>\n<p><strong>inches<\/strong>\u00a023.62 x 15.35 x 20.67<\/p>\n<p><strong>TABLE MOYENNE<\/strong><\/p>\n<p><strong>cm<\/strong>\u00a045 x 30 x 47<\/p>\n<p><strong>inches<\/strong>\u00a017.71 x 11.81 x 18.50<\/p>\n<p><strong>TABLE PETITE<\/strong><\/p>\n<p><strong>cm<\/strong>\u00a033 x 27 x 41,5<\/p>\n<p><strong>inches<\/strong>\u00a012.99 x 10.63 x 16.34<\/p>\n","protected":false},"featured_media":39687,"template":"","meta":{"_editorskit_title_hidden":false,"_editorskit_reading_time":0,"_editorskit_is_block_options_detached":false,"_editorskit_block_options_position":"{}","inline_featured_image":false},"product_brand":[],"product_cat":[256,257],"product_tag":[],"class_list":{"0":"post-39714","1":"product","2":"type-product","3":"status-publish","4":"has-post-thumbnail","6":"product_cat-tables","7":"product_cat-gueridons","9":"first","10":"instock","11":"shipping-taxable","12":"purchasable","13":"product-type-simple"},"_links":{"self":[{"href":"https:\/\/www.finsdesiecles-artdeco.com\/fr\/wp-json\/wp\/v2\/product\/39714","targetHints":{"allow":["GET"]}}],"collection":[{"href":"https:\/\/www.finsdesiecles-artdeco.com\/fr\/wp-json\/wp\/v2\/product"}],"about":[{"href":"https:\/\/www.finsdesiecles-artdeco.com\/fr\/wp-json\/wp\/v2\/types\/product"}],"wp:featuredmedia":[{"embeddable":true,"href":"https:\/\/www.finsdesiecles-artdeco.com\/fr\/wp-json\/wp\/v2\/media\/39687"}],"wp:attachment":[{"href":"https:\/\/www.finsdesiecles-artdeco.com\/fr\/wp-json\/wp\/v2\/media?parent=39714"}],"wp:term":[{"taxonomy":"product_brand","embeddable":true,"href":"https:\/\/www.finsdesiecles-artdeco.com\/fr\/wp-json\/wp\/v2\/product_brand?post=39714"},{"taxonomy":"product_cat","embeddable":true,"href":"https:\/\/www.finsdesiecles-artdeco.com\/fr\/wp-json\/wp\/v2\/product_cat?post=39714"},{"taxonomy":"product_tag","embeddable":true,"href":"https:\/\/www.finsdesiecles-artdeco.com\/fr\/wp-json\/wp\/v2\/product_tag?post=39714"}],"curies":[{"name":"wp","href":"https:\/\/api.w.org\/{rel}","templated":true}]}}