{"id":39964,"date":"2026-02-12T12:13:09","date_gmt":"2026-02-12T12:17:43","guid":{"rendered":"https:\/\/www.finsdesiecles-artdeco.com\/?post_type=product&#038;p=39964"},"modified":"2026-02-26T23:00:02","modified_gmt":"2026-02-26T23:00:02","slug":"petite-lampe-art-deco-belgique-1920","status":"publish","type":"product","link":"https:\/\/www.finsdesiecles-artdeco.com\/fr\/product\/petite-lampe-art-deco-belgique-1920\/","title":{"rendered":"Petite lampe Art D\u00e9co &#8211; Belgique 1920"},"content":{"rendered":"<p>Petite lampe Art D\u00e9co &#8211; Belgique 1920<\/p>\n<p><strong>Dimensions<\/strong><\/p>\n<p><strong>cm<\/strong>\u00a030 x 10,5 x 36<\/p>\n<p><strong>inches<\/strong>\u00a011.81 x 4.13 x 14.17<\/p>\n","protected":false},"excerpt":{"rendered":"<p>Ravissante petite lampe Art D\u00e9co en fer forg\u00e9 et tulipe en p\u00e2te de verre.<\/p>\n<p>Belgique vers 1920.<\/p>\n<p>&nbsp;<\/p>\n<p><strong>Dimensions<\/strong><\/p>\n<p><strong>cm<\/strong>\u00a030 x 10,5 x 36<\/p>\n<p><strong>inches<\/strong>\u00a011.81 x 4.13 x 14.17<\/p>\n<p>&nbsp;<\/p>\n<p>&nbsp;<\/p>\n","protected":false},"featured_media":39938,"template":"","meta":{"_editorskit_title_hidden":false,"_editorskit_reading_time":0,"_editorskit_is_block_options_detached":false,"_editorskit_block_options_position":"{}","inline_featured_image":false},"product_brand":[],"product_cat":[333,264],"product_tag":[],"class_list":{"0":"post-39964","1":"product","2":"type-product","3":"status-publish","4":"has-post-thumbnail","6":"product_cat-lampes-de-table","7":"product_cat-luminaires","9":"first","10":"instock","11":"shipping-taxable","12":"purchasable","13":"product-type-simple"},"_links":{"self":[{"href":"https:\/\/www.finsdesiecles-artdeco.com\/fr\/wp-json\/wp\/v2\/product\/39964","targetHints":{"allow":["GET"]}}],"collection":[{"href":"https:\/\/www.finsdesiecles-artdeco.com\/fr\/wp-json\/wp\/v2\/product"}],"about":[{"href":"https:\/\/www.finsdesiecles-artdeco.com\/fr\/wp-json\/wp\/v2\/types\/product"}],"wp:featuredmedia":[{"embeddable":true,"href":"https:\/\/www.finsdesiecles-artdeco.com\/fr\/wp-json\/wp\/v2\/media\/39938"}],"wp:attachment":[{"href":"https:\/\/www.finsdesiecles-artdeco.com\/fr\/wp-json\/wp\/v2\/media?parent=39964"}],"wp:term":[{"taxonomy":"product_brand","embeddable":true,"href":"https:\/\/www.finsdesiecles-artdeco.com\/fr\/wp-json\/wp\/v2\/product_brand?post=39964"},{"taxonomy":"product_cat","embeddable":true,"href":"https:\/\/www.finsdesiecles-artdeco.com\/fr\/wp-json\/wp\/v2\/product_cat?post=39964"},{"taxonomy":"product_tag","embeddable":true,"href":"https:\/\/www.finsdesiecles-artdeco.com\/fr\/wp-json\/wp\/v2\/product_tag?post=39964"}],"curies":[{"name":"wp","href":"https:\/\/api.w.org\/{rel}","templated":true}]}}