{"id":4006,"date":"2017-08-08T18:56:16","date_gmt":"2017-08-08T18:56:16","guid":{"rendered":"https:\/\/www.finsdesiecles-artdeco.com\/?product=gueridons"},"modified":"2022-10-21T10:32:10","modified_gmt":"2022-10-21T10:32:10","slug":"gueridon-art-deco-2","status":"publish","type":"product","link":"https:\/\/www.finsdesiecles-artdeco.com\/fr\/product\/gueridon-art-deco-2\/","title":{"rendered":"Gu\u00e9ridon Art D\u00e9co &#8211; France 1930"},"content":{"rendered":"<p>Gu\u00e9ridon Art D\u00e9co &#8211; France, 1930<\/p>\n<hr \/>\n<p><b>Dimensions<\/b><\/p>\n<ul>\n<li><b>cm:<\/b> Diam 72 x 55<\/li>\n<li><b>inches:<\/b> Diam 28.35 x 21.65<\/li>\n<\/ul>\n","protected":false},"excerpt":{"rendered":"<p>Gu\u00e9ridon Art D\u00e9co \u00e0 4 pieds courb\u00e9s en h\u00eatre teint\u00e9 \u00e9b\u00e8ne et deux plateaux plaqu\u00e9s en noyer. Vernis au tampon.<\/p>\n<p>France 1930.<\/p>\n<p><b>Dimensions<\/b><\/p>\n<ul>\n<li><b>cm:<\/b> Diam 72 x 55<\/li>\n<li><b>inches:<\/b> Diam 28.35 x 21.65<\/li>\n<\/ul>\n","protected":false},"featured_media":4001,"template":"","meta":{"_editorskit_title_hidden":false,"_editorskit_reading_time":0,"_editorskit_is_block_options_detached":false,"_editorskit_block_options_position":"{}","inline_featured_image":false},"product_brand":[],"product_cat":[256,257],"product_tag":[],"class_list":{"0":"post-4006","1":"product","2":"type-product","3":"status-publish","4":"has-post-thumbnail","6":"product_cat-tables","7":"product_cat-gueridons","9":"first","10":"instock","11":"purchasable","12":"product-type-simple"},"_links":{"self":[{"href":"https:\/\/www.finsdesiecles-artdeco.com\/fr\/wp-json\/wp\/v2\/product\/4006","targetHints":{"allow":["GET"]}}],"collection":[{"href":"https:\/\/www.finsdesiecles-artdeco.com\/fr\/wp-json\/wp\/v2\/product"}],"about":[{"href":"https:\/\/www.finsdesiecles-artdeco.com\/fr\/wp-json\/wp\/v2\/types\/product"}],"wp:featuredmedia":[{"embeddable":true,"href":"https:\/\/www.finsdesiecles-artdeco.com\/fr\/wp-json\/wp\/v2\/media\/4001"}],"wp:attachment":[{"href":"https:\/\/www.finsdesiecles-artdeco.com\/fr\/wp-json\/wp\/v2\/media?parent=4006"}],"wp:term":[{"taxonomy":"product_brand","embeddable":true,"href":"https:\/\/www.finsdesiecles-artdeco.com\/fr\/wp-json\/wp\/v2\/product_brand?post=4006"},{"taxonomy":"product_cat","embeddable":true,"href":"https:\/\/www.finsdesiecles-artdeco.com\/fr\/wp-json\/wp\/v2\/product_cat?post=4006"},{"taxonomy":"product_tag","embeddable":true,"href":"https:\/\/www.finsdesiecles-artdeco.com\/fr\/wp-json\/wp\/v2\/product_tag?post=4006"}],"curies":[{"name":"wp","href":"https:\/\/api.w.org\/{rel}","templated":true}]}}