{"id":40115,"date":"2026-02-17T15:01:58","date_gmt":"2026-02-17T15:07:58","guid":{"rendered":"https:\/\/www.finsdesiecles-artdeco.com\/?post_type=product&#038;p=40115"},"modified":"2026-02-17T15:07:58","modified_gmt":"2026-02-17T15:07:58","slug":"paire-de-bridges-par-stella-france-1950","status":"publish","type":"product","link":"https:\/\/www.finsdesiecles-artdeco.com\/fr\/product\/paire-de-bridges-par-stella-france-1950\/","title":{"rendered":"Paire de bridges par Stella &#8211; France 1950"},"content":{"rendered":"<p>Paire de bridges par Stella &#8211; France 1950<\/p>\n<p><strong>Dimensions<\/strong><\/p>\n<p><strong>cm<\/strong> 50 x 55 x 79 \/ 48 (assise)<\/p>\n<p><strong>inches<\/strong> 19.68 x 21.65 x 31.10 \/ 18.90 (assise)<\/p>\n","protected":false},"excerpt":{"rendered":"<p>Paire de bridges en h\u00eatre verni \u00e0 la gomme-laque, tapisserie refaite \u00e0 neuf en laine.<\/p>\n<p>Tampon de la fabrique Stella.<\/p>\n<p>France vers 1950.<\/p>\n<p>&nbsp;<\/p>\n<p><strong>Dimensions<\/strong><\/p>\n<p><strong>cm<\/strong> 50 x 55 x 79 \/ 48 (assise)<\/p>\n<p><strong>inches<\/strong> 19.68 x 21.65 x 31.10 \/ 18.90 (assise)<\/p>\n","protected":false},"featured_media":40083,"template":"","meta":{"_editorskit_title_hidden":false,"_editorskit_reading_time":0,"_editorskit_is_block_options_detached":false,"_editorskit_block_options_position":"{}","inline_featured_image":false},"product_brand":[],"product_cat":[250,251],"product_tag":[],"class_list":{"0":"post-40115","1":"product","2":"type-product","3":"status-publish","4":"has-post-thumbnail","6":"product_cat-sieges","7":"product_cat-fauteuils","9":"first","10":"instock","11":"shipping-taxable","12":"purchasable","13":"product-type-simple"},"_links":{"self":[{"href":"https:\/\/www.finsdesiecles-artdeco.com\/fr\/wp-json\/wp\/v2\/product\/40115","targetHints":{"allow":["GET"]}}],"collection":[{"href":"https:\/\/www.finsdesiecles-artdeco.com\/fr\/wp-json\/wp\/v2\/product"}],"about":[{"href":"https:\/\/www.finsdesiecles-artdeco.com\/fr\/wp-json\/wp\/v2\/types\/product"}],"wp:featuredmedia":[{"embeddable":true,"href":"https:\/\/www.finsdesiecles-artdeco.com\/fr\/wp-json\/wp\/v2\/media\/40083"}],"wp:attachment":[{"href":"https:\/\/www.finsdesiecles-artdeco.com\/fr\/wp-json\/wp\/v2\/media?parent=40115"}],"wp:term":[{"taxonomy":"product_brand","embeddable":true,"href":"https:\/\/www.finsdesiecles-artdeco.com\/fr\/wp-json\/wp\/v2\/product_brand?post=40115"},{"taxonomy":"product_cat","embeddable":true,"href":"https:\/\/www.finsdesiecles-artdeco.com\/fr\/wp-json\/wp\/v2\/product_cat?post=40115"},{"taxonomy":"product_tag","embeddable":true,"href":"https:\/\/www.finsdesiecles-artdeco.com\/fr\/wp-json\/wp\/v2\/product_tag?post=40115"}],"curies":[{"name":"wp","href":"https:\/\/api.w.org\/{rel}","templated":true}]}}