{"id":4018,"date":"2017-08-28T17:44:16","date_gmt":"2017-08-28T17:44:16","guid":{"rendered":"https:\/\/www.finsdesiecles-artdeco.com\/?product=lampadaires"},"modified":"2022-10-29T14:38:00","modified_gmt":"2022-10-29T14:38:00","slug":"lampadaire-des-annees-50","status":"publish","type":"product","link":"https:\/\/www.finsdesiecles-artdeco.com\/fr\/product\/lampadaire-des-annees-50\/","title":{"rendered":"Lampadaire des ann\u00e9es 50"},"content":{"rendered":"<p>Lampadaire des ann\u00e9es 50<\/p>\n<hr \/>\n<p><b>Dimensions<\/b><\/p>\n<ul>\n<li><b>cm:<\/b> Diam 50 x 182<\/li>\n<li><b>inches:<\/b> Diam 19.69 x 71.65<\/li>\n<\/ul>\n","protected":false},"excerpt":{"rendered":"<p>Lampadaire en laiton massif poli, 6 bras de lumi\u00e8re surplomb\u00e9s d&rsquo;une cape en t\u00f4le laqu\u00e9e blanc a l&rsquo;int\u00e9rieur et vert c\u00e9ladon a l&rsquo;ext\u00e9rieur. Electricit\u00e9 refaite a neuf.<\/p>\n<p>Fabricant: Stiffel<\/p>\n<p>USA vers 1950.<\/p>\n<p><b>Dimensions<\/b><\/p>\n<ul>\n<li><b>cm:<\/b> Diam 50 x 182<\/li>\n<li><b>inches:<\/b> Diam 19.69 x 71.65<\/li>\n<\/ul>\n","protected":false},"featured_media":4009,"template":"","meta":{"_editorskit_title_hidden":false,"_editorskit_reading_time":0,"_editorskit_is_block_options_detached":false,"_editorskit_block_options_position":"{}","inline_featured_image":false},"product_brand":[],"product_cat":[264,330],"product_tag":[],"class_list":{"0":"post-4018","1":"product","2":"type-product","3":"status-publish","4":"has-post-thumbnail","6":"product_cat-luminaires","7":"product_cat-lampadaires","9":"first","10":"instock","11":"purchasable","12":"product-type-simple"},"_links":{"self":[{"href":"https:\/\/www.finsdesiecles-artdeco.com\/fr\/wp-json\/wp\/v2\/product\/4018","targetHints":{"allow":["GET"]}}],"collection":[{"href":"https:\/\/www.finsdesiecles-artdeco.com\/fr\/wp-json\/wp\/v2\/product"}],"about":[{"href":"https:\/\/www.finsdesiecles-artdeco.com\/fr\/wp-json\/wp\/v2\/types\/product"}],"wp:featuredmedia":[{"embeddable":true,"href":"https:\/\/www.finsdesiecles-artdeco.com\/fr\/wp-json\/wp\/v2\/media\/4009"}],"wp:attachment":[{"href":"https:\/\/www.finsdesiecles-artdeco.com\/fr\/wp-json\/wp\/v2\/media?parent=4018"}],"wp:term":[{"taxonomy":"product_brand","embeddable":true,"href":"https:\/\/www.finsdesiecles-artdeco.com\/fr\/wp-json\/wp\/v2\/product_brand?post=4018"},{"taxonomy":"product_cat","embeddable":true,"href":"https:\/\/www.finsdesiecles-artdeco.com\/fr\/wp-json\/wp\/v2\/product_cat?post=4018"},{"taxonomy":"product_tag","embeddable":true,"href":"https:\/\/www.finsdesiecles-artdeco.com\/fr\/wp-json\/wp\/v2\/product_tag?post=4018"}],"curies":[{"name":"wp","href":"https:\/\/api.w.org\/{rel}","templated":true}]}}