{"id":40180,"date":"2026-02-19T10:20:09","date_gmt":"2026-02-19T10:24:56","guid":{"rendered":"https:\/\/www.finsdesiecles-artdeco.com\/?post_type=product&#038;p=40180"},"modified":"2026-02-19T10:24:56","modified_gmt":"2026-02-19T10:24:56","slug":"pouf-tulipe-art-deco-france-1930","status":"publish","type":"product","link":"https:\/\/www.finsdesiecles-artdeco.com\/fr\/product\/pouf-tulipe-art-deco-france-1930\/","title":{"rendered":"Pouf \u00ab\u00a0tulipe\u00a0\u00bb Art D\u00e9co &#8211; France 1930"},"content":{"rendered":"<p>Pouf \u00ab\u00a0tulipe\u00a0\u00bb Art D\u00e9co &#8211; France 1930<\/p>\n<p><strong>Dimensions<\/strong><\/p>\n<p><strong>cm<\/strong>\u00a056 x 41 x 50<\/p>\n<p><strong>inches<\/strong>\u00a022.05 x 16.14 x 19.68<\/p>\n","protected":false},"excerpt":{"rendered":"<p>Pouf \u00ab\u00a0tulipe\u00a0\u00bb Art D\u00e9co en bois plaqu\u00e9 de noyer verni au tampon, assise refaite enti\u00e8rement \u00e0 neuf en velours couleur perle.<\/p>\n<p>France 1930<\/p>\n<p>&nbsp;<\/p>\n<p><strong>Dimensions<\/strong><\/p>\n<p><strong>cm<\/strong>\u00a056 x 41 x 50<\/p>\n<p><strong>inches<\/strong>\u00a022.05 x 16.14 x 19.68<\/p>\n","protected":false},"featured_media":40160,"template":"","meta":{"_editorskit_title_hidden":false,"_editorskit_reading_time":0,"_editorskit_is_block_options_detached":false,"_editorskit_block_options_position":"{}","inline_featured_image":false},"product_brand":[],"product_cat":[438,250],"product_tag":[],"class_list":{"0":"post-40180","1":"product","2":"type-product","3":"status-publish","4":"has-post-thumbnail","6":"product_cat-poufs","7":"product_cat-sieges","9":"first","10":"instock","11":"shipping-taxable","12":"purchasable","13":"product-type-simple"},"_links":{"self":[{"href":"https:\/\/www.finsdesiecles-artdeco.com\/fr\/wp-json\/wp\/v2\/product\/40180","targetHints":{"allow":["GET"]}}],"collection":[{"href":"https:\/\/www.finsdesiecles-artdeco.com\/fr\/wp-json\/wp\/v2\/product"}],"about":[{"href":"https:\/\/www.finsdesiecles-artdeco.com\/fr\/wp-json\/wp\/v2\/types\/product"}],"wp:featuredmedia":[{"embeddable":true,"href":"https:\/\/www.finsdesiecles-artdeco.com\/fr\/wp-json\/wp\/v2\/media\/40160"}],"wp:attachment":[{"href":"https:\/\/www.finsdesiecles-artdeco.com\/fr\/wp-json\/wp\/v2\/media?parent=40180"}],"wp:term":[{"taxonomy":"product_brand","embeddable":true,"href":"https:\/\/www.finsdesiecles-artdeco.com\/fr\/wp-json\/wp\/v2\/product_brand?post=40180"},{"taxonomy":"product_cat","embeddable":true,"href":"https:\/\/www.finsdesiecles-artdeco.com\/fr\/wp-json\/wp\/v2\/product_cat?post=40180"},{"taxonomy":"product_tag","embeddable":true,"href":"https:\/\/www.finsdesiecles-artdeco.com\/fr\/wp-json\/wp\/v2\/product_tag?post=40180"}],"curies":[{"name":"wp","href":"https:\/\/api.w.org\/{rel}","templated":true}]}}