{"id":40225,"date":"2026-02-20T14:56:52","date_gmt":"2026-02-20T15:01:16","guid":{"rendered":"https:\/\/www.finsdesiecles-artdeco.com\/?post_type=product&#038;p=40225"},"modified":"2026-02-20T15:01:16","modified_gmt":"2026-02-20T15:01:16","slug":"table-basse-avec-ceramique-de-poussine-france-1970","status":"publish","type":"product","link":"https:\/\/www.finsdesiecles-artdeco.com\/fr\/product\/table-basse-avec-ceramique-de-poussine-france-1970\/","title":{"rendered":"Table basse avec c\u00e9ramique de Poussine &#8211; France 1970"},"content":{"rendered":"<p>Table basse avec ceramique de Poussine &#8211; France 1970<\/p>\n<p><strong>Dimensions<\/strong><\/p>\n<p><strong>cm<\/strong>\u00a090 x 49,5 x 33,5<\/p>\n<p><strong>inches<\/strong>\u00a035.43 x 19.49 x 13.19<\/p>\n","protected":false},"excerpt":{"rendered":"<p>Table basse en bois teint\u00e9 fonc\u00e9 et vernie faite autour d&rsquo;une c\u00e9ramique de Jaques Poussine.<\/p>\n<p>France vers 1970<\/p>\n<p>&nbsp;<\/p>\n<p><strong>Dimensions<\/strong><\/p>\n<p><strong>cm<\/strong>\u00a090 x 49,5 x 33,5<\/p>\n<p><strong>inches<\/strong>\u00a035.43 x 19.49 x 13.19<\/p>\n","protected":false},"featured_media":40193,"template":"","meta":{"_editorskit_title_hidden":false,"_editorskit_reading_time":0,"_editorskit_is_block_options_detached":false,"_editorskit_block_options_position":"{}","inline_featured_image":false},"product_brand":[],"product_cat":[256,291],"product_tag":[],"class_list":{"0":"post-40225","1":"product","2":"type-product","3":"status-publish","4":"has-post-thumbnail","6":"product_cat-tables","7":"product_cat-tables-basses","9":"first","10":"instock","11":"shipping-taxable","12":"purchasable","13":"product-type-simple"},"_links":{"self":[{"href":"https:\/\/www.finsdesiecles-artdeco.com\/fr\/wp-json\/wp\/v2\/product\/40225","targetHints":{"allow":["GET"]}}],"collection":[{"href":"https:\/\/www.finsdesiecles-artdeco.com\/fr\/wp-json\/wp\/v2\/product"}],"about":[{"href":"https:\/\/www.finsdesiecles-artdeco.com\/fr\/wp-json\/wp\/v2\/types\/product"}],"wp:featuredmedia":[{"embeddable":true,"href":"https:\/\/www.finsdesiecles-artdeco.com\/fr\/wp-json\/wp\/v2\/media\/40193"}],"wp:attachment":[{"href":"https:\/\/www.finsdesiecles-artdeco.com\/fr\/wp-json\/wp\/v2\/media?parent=40225"}],"wp:term":[{"taxonomy":"product_brand","embeddable":true,"href":"https:\/\/www.finsdesiecles-artdeco.com\/fr\/wp-json\/wp\/v2\/product_brand?post=40225"},{"taxonomy":"product_cat","embeddable":true,"href":"https:\/\/www.finsdesiecles-artdeco.com\/fr\/wp-json\/wp\/v2\/product_cat?post=40225"},{"taxonomy":"product_tag","embeddable":true,"href":"https:\/\/www.finsdesiecles-artdeco.com\/fr\/wp-json\/wp\/v2\/product_tag?post=40225"}],"curies":[{"name":"wp","href":"https:\/\/api.w.org\/{rel}","templated":true}]}}