{"id":40264,"date":"2026-02-21T16:08:01","date_gmt":"2026-02-21T16:17:01","guid":{"rendered":"https:\/\/www.finsdesiecles-artdeco.com\/?post_type=product&#038;p=40264"},"modified":"2026-02-21T16:17:01","modified_gmt":"2026-02-21T16:17:01","slug":"porte-parapluies-france-1960","status":"publish","type":"product","link":"https:\/\/www.finsdesiecles-artdeco.com\/fr\/product\/porte-parapluies-france-1960\/","title":{"rendered":"Porte-parapluies &#8211; France 1960"},"content":{"rendered":"<p>Porte-parapluies &#8211; France 1960<\/p>\n<p><strong>Dimensions<\/strong><\/p>\n<p><strong>cm<\/strong> Diam 25 x 76 \u2013 hauteur du haut lamelles de bois 55,5 \u2013 hauteur lamelles de bois 38<\/p>\n<p><strong>inches<\/strong> Diam 9.84 x 29.92 \u2013 hauteur du haut lamelles de bois 21.85 \u2013 hauteur lamelles de bois 14.96<\/p>\n","protected":false},"excerpt":{"rendered":"<p>Porte-parapluies en m\u00e9tal laqu\u00e9 noir, m\u00e9tal nickel\u00e9 et lamelles de bois blanc cass\u00e9.<\/p>\n<p>France vers 1960.<\/p>\n<p>&nbsp;<\/p>\n<p><strong>Dimensions<\/strong><\/p>\n<p><strong>cm<\/strong> Diam 25 x 76 \u2013 hauteur du haut lamelles de bois 55,5 \u2013 hauteur lamelles de bois 38<\/p>\n<p><strong>inches<\/strong> Diam 9.84 x 29.92 \u2013 hauteur du haut lamelles de bois 21.85 \u2013 hauteur lamelles de bois 14.96<\/p>\n<p>&nbsp;<\/p>\n","protected":false},"featured_media":40238,"template":"","meta":{"_editorskit_title_hidden":false,"_editorskit_reading_time":0,"_editorskit_is_block_options_detached":false,"_editorskit_block_options_position":"{}","inline_featured_image":false},"product_brand":[],"product_cat":[686],"product_tag":[],"class_list":{"0":"post-40264","1":"product","2":"type-product","3":"status-publish","4":"has-post-thumbnail","6":"product_cat-divers","8":"first","9":"instock","10":"shipping-taxable","11":"purchasable","12":"product-type-simple"},"_links":{"self":[{"href":"https:\/\/www.finsdesiecles-artdeco.com\/fr\/wp-json\/wp\/v2\/product\/40264","targetHints":{"allow":["GET"]}}],"collection":[{"href":"https:\/\/www.finsdesiecles-artdeco.com\/fr\/wp-json\/wp\/v2\/product"}],"about":[{"href":"https:\/\/www.finsdesiecles-artdeco.com\/fr\/wp-json\/wp\/v2\/types\/product"}],"wp:featuredmedia":[{"embeddable":true,"href":"https:\/\/www.finsdesiecles-artdeco.com\/fr\/wp-json\/wp\/v2\/media\/40238"}],"wp:attachment":[{"href":"https:\/\/www.finsdesiecles-artdeco.com\/fr\/wp-json\/wp\/v2\/media?parent=40264"}],"wp:term":[{"taxonomy":"product_brand","embeddable":true,"href":"https:\/\/www.finsdesiecles-artdeco.com\/fr\/wp-json\/wp\/v2\/product_brand?post=40264"},{"taxonomy":"product_cat","embeddable":true,"href":"https:\/\/www.finsdesiecles-artdeco.com\/fr\/wp-json\/wp\/v2\/product_cat?post=40264"},{"taxonomy":"product_tag","embeddable":true,"href":"https:\/\/www.finsdesiecles-artdeco.com\/fr\/wp-json\/wp\/v2\/product_tag?post=40264"}],"curies":[{"name":"wp","href":"https:\/\/api.w.org\/{rel}","templated":true}]}}