{"id":40322,"date":"2026-02-25T11:04:44","date_gmt":"2026-02-25T11:08:45","guid":{"rendered":"https:\/\/www.finsdesiecles-artdeco.com\/?post_type=product&#038;p=40322"},"modified":"2026-02-25T11:08:45","modified_gmt":"2026-02-25T11:08:45","slug":"lampe-de-table-tulipe-art-deco-france-1930","status":"publish","type":"product","link":"https:\/\/www.finsdesiecles-artdeco.com\/fr\/product\/lampe-de-table-tulipe-art-deco-france-1930\/","title":{"rendered":"Lampe de table \u00ab\u00a0tulipe\u00a0\u00bb Art D\u00e9co &#8211; France 1930"},"content":{"rendered":"<p>Lampe de table \u00ab\u00a0tulipe\u00a0\u00bb Art D\u00e9co &#8211; France 1930<\/p>\n<p><strong>Dimensions<\/strong><\/p>\n<p><strong>cm<\/strong>\u00a0Diam 28 x 38,5<\/p>\n<p><strong>inches<\/strong>\u00a011.02 x 15.16<\/p>\n","protected":false},"excerpt":{"rendered":"<p>Lampe de table \u00ab\u00a0tulipe\u00a0\u00bb Art D\u00e9co en opaline rose \u00e0 l&rsquo;ext\u00e9rieur et blanche \u00e0 l&rsquo;int\u00e9rieur. Ampoule \u00e0 ba\u00efonnette.<\/p>\n<p>France vers 1930<\/p>\n<p>&nbsp;<\/p>\n<p><strong>Dimensions<\/strong><\/p>\n<p><strong>cm<\/strong>\u00a0Diam 28 x 38,5<\/p>\n<p><strong>inches<\/strong>\u00a011.02 x 15.16<\/p>\n","protected":false},"featured_media":40302,"template":"","meta":{"_editorskit_title_hidden":false,"_editorskit_reading_time":0,"_editorskit_is_block_options_detached":false,"_editorskit_block_options_position":"{}","inline_featured_image":false},"product_brand":[],"product_cat":[333,264],"product_tag":[],"class_list":{"0":"post-40322","1":"product","2":"type-product","3":"status-publish","4":"has-post-thumbnail","6":"product_cat-lampes-de-table","7":"product_cat-luminaires","9":"first","10":"instock","11":"shipping-taxable","12":"purchasable","13":"product-type-simple"},"_links":{"self":[{"href":"https:\/\/www.finsdesiecles-artdeco.com\/fr\/wp-json\/wp\/v2\/product\/40322","targetHints":{"allow":["GET"]}}],"collection":[{"href":"https:\/\/www.finsdesiecles-artdeco.com\/fr\/wp-json\/wp\/v2\/product"}],"about":[{"href":"https:\/\/www.finsdesiecles-artdeco.com\/fr\/wp-json\/wp\/v2\/types\/product"}],"wp:featuredmedia":[{"embeddable":true,"href":"https:\/\/www.finsdesiecles-artdeco.com\/fr\/wp-json\/wp\/v2\/media\/40302"}],"wp:attachment":[{"href":"https:\/\/www.finsdesiecles-artdeco.com\/fr\/wp-json\/wp\/v2\/media?parent=40322"}],"wp:term":[{"taxonomy":"product_brand","embeddable":true,"href":"https:\/\/www.finsdesiecles-artdeco.com\/fr\/wp-json\/wp\/v2\/product_brand?post=40322"},{"taxonomy":"product_cat","embeddable":true,"href":"https:\/\/www.finsdesiecles-artdeco.com\/fr\/wp-json\/wp\/v2\/product_cat?post=40322"},{"taxonomy":"product_tag","embeddable":true,"href":"https:\/\/www.finsdesiecles-artdeco.com\/fr\/wp-json\/wp\/v2\/product_tag?post=40322"}],"curies":[{"name":"wp","href":"https:\/\/api.w.org\/{rel}","templated":true}]}}