{"id":40358,"date":"2026-02-25T15:34:45","date_gmt":"2026-02-25T15:52:40","guid":{"rendered":"https:\/\/www.finsdesiecles-artdeco.com\/?post_type=product&#038;p=40358"},"modified":"2026-02-25T15:52:40","modified_gmt":"2026-02-25T15:52:40","slug":"grand-vase-art-deco-par-hery-belgique-1930","status":"publish","type":"product","link":"https:\/\/www.finsdesiecles-artdeco.com\/fr\/product\/grand-vase-art-deco-par-hery-belgique-1930\/","title":{"rendered":"Grand vase Art D\u00e9co par Hery &#8211; Belgique 1930"},"content":{"rendered":"<p>Grand vase Art D\u00e9co par Hery &#8211; Belgique 1930<\/p>\n<p><strong>Dimensions<\/strong><\/p>\n<p><strong>cm<\/strong>\u00a0Diam 26,5 x 52<\/p>\n<p><strong>inches<\/strong>\u00a0Diam 10.43 x 20.47<\/p>\n","protected":false},"excerpt":{"rendered":"<p>Grand vase Art D\u00e9co en gr\u00e8s \u00e9maill\u00e9 polychrome \u00e0 d\u00e9cor orientaliste.<\/p>\n<p>Sign\u00e9 Hery.<\/p>\n<p>Belgique, Jamioulx vers 1930.<\/p>\n<p>&nbsp;<\/p>\n<p><strong>Dimensions<\/strong><\/p>\n<p><strong>cm<\/strong>\u00a0Diam 26,5 x 52<\/p>\n<p><strong>inches<\/strong>\u00a0Diam 10.43 x 20.47<\/p>\n","protected":false},"featured_media":40329,"template":"","meta":{"_editorskit_title_hidden":false,"_editorskit_reading_time":0,"_editorskit_is_block_options_detached":false,"_editorskit_block_options_position":"{}","inline_featured_image":false},"product_brand":[],"product_cat":[462,267],"product_tag":[],"class_list":{"0":"post-40358","1":"product","2":"type-product","3":"status-publish","4":"has-post-thumbnail","6":"product_cat-ceramiques","7":"product_cat-objets-et-accessoires","9":"first","10":"instock","11":"shipping-taxable","12":"purchasable","13":"product-type-simple"},"_links":{"self":[{"href":"https:\/\/www.finsdesiecles-artdeco.com\/fr\/wp-json\/wp\/v2\/product\/40358","targetHints":{"allow":["GET"]}}],"collection":[{"href":"https:\/\/www.finsdesiecles-artdeco.com\/fr\/wp-json\/wp\/v2\/product"}],"about":[{"href":"https:\/\/www.finsdesiecles-artdeco.com\/fr\/wp-json\/wp\/v2\/types\/product"}],"wp:featuredmedia":[{"embeddable":true,"href":"https:\/\/www.finsdesiecles-artdeco.com\/fr\/wp-json\/wp\/v2\/media\/40329"}],"wp:attachment":[{"href":"https:\/\/www.finsdesiecles-artdeco.com\/fr\/wp-json\/wp\/v2\/media?parent=40358"}],"wp:term":[{"taxonomy":"product_brand","embeddable":true,"href":"https:\/\/www.finsdesiecles-artdeco.com\/fr\/wp-json\/wp\/v2\/product_brand?post=40358"},{"taxonomy":"product_cat","embeddable":true,"href":"https:\/\/www.finsdesiecles-artdeco.com\/fr\/wp-json\/wp\/v2\/product_cat?post=40358"},{"taxonomy":"product_tag","embeddable":true,"href":"https:\/\/www.finsdesiecles-artdeco.com\/fr\/wp-json\/wp\/v2\/product_tag?post=40358"}],"curies":[{"name":"wp","href":"https:\/\/api.w.org\/{rel}","templated":true}]}}