{"id":40609,"date":"2026-03-11T15:42:29","date_gmt":"2026-03-11T15:51:10","guid":{"rendered":"https:\/\/www.finsdesiecles-artdeco.com\/?post_type=product&#038;p=40609"},"modified":"2026-03-11T15:51:10","modified_gmt":"2026-03-11T15:51:10","slug":"grand-meuble-classeur-art-deco-barcelone-1930","status":"publish","type":"product","link":"https:\/\/www.finsdesiecles-artdeco.com\/fr\/product\/grand-meuble-classeur-art-deco-barcelone-1930\/","title":{"rendered":"Grand meuble classeur Art D\u00e9co &#8211; Barcelone 1930"},"content":{"rendered":"<p>Grand meuble classeur Art D\u00e9co &#8211; Barcelone 1930<\/p>\n<p><strong>Dimensions<\/strong><\/p>\n<p><strong>cm<\/strong>\u00a0247,5 x 45 x 206,5<\/p>\n<p><strong>inches<\/strong>\u00a097.44 x 17.72 x 81.30<\/p>\n","protected":false},"excerpt":{"rendered":"<p>Spectaculaire grand meuble classeur Art D\u00e9co enti\u00e8rement d\u00e9montable, socle et chapiteau en acajou massif, c\u00f4t\u00e9s et portes coulissantes en placage de noyer, int\u00e9rieur compos\u00e9 de 66 petits tiroirs et 12 grands tiroirs en citronnier massif. Quincaillerie en laiton poli. Vernis au tampon.<\/p>\n<p>Espagne, Barcelone vers 1930<\/p>\n<p>&nbsp;<\/p>\n<p><strong>Dimensions<\/strong><\/p>\n<p><strong>cm<\/strong>\u00a0247,5 x 45 x 206,5<\/p>\n<p><strong>inches<\/strong>\u00a097.44 x 17.72 x 81.30<\/p>\n","protected":false},"featured_media":40573,"template":"","meta":{"_editorskit_title_hidden":false,"_editorskit_reading_time":0,"_editorskit_is_block_options_detached":false,"_editorskit_block_options_position":"{}","inline_featured_image":false},"product_brand":[],"product_cat":[415,691],"product_tag":[],"class_list":{"0":"post-40609","1":"product","2":"type-product","3":"status-publish","4":"has-post-thumbnail","6":"product_cat-meubles-de-rangement","7":"product_cat-cabinets-2-fr","9":"first","10":"instock","11":"shipping-taxable","12":"purchasable","13":"product-type-simple"},"_links":{"self":[{"href":"https:\/\/www.finsdesiecles-artdeco.com\/fr\/wp-json\/wp\/v2\/product\/40609","targetHints":{"allow":["GET"]}}],"collection":[{"href":"https:\/\/www.finsdesiecles-artdeco.com\/fr\/wp-json\/wp\/v2\/product"}],"about":[{"href":"https:\/\/www.finsdesiecles-artdeco.com\/fr\/wp-json\/wp\/v2\/types\/product"}],"wp:featuredmedia":[{"embeddable":true,"href":"https:\/\/www.finsdesiecles-artdeco.com\/fr\/wp-json\/wp\/v2\/media\/40573"}],"wp:attachment":[{"href":"https:\/\/www.finsdesiecles-artdeco.com\/fr\/wp-json\/wp\/v2\/media?parent=40609"}],"wp:term":[{"taxonomy":"product_brand","embeddable":true,"href":"https:\/\/www.finsdesiecles-artdeco.com\/fr\/wp-json\/wp\/v2\/product_brand?post=40609"},{"taxonomy":"product_cat","embeddable":true,"href":"https:\/\/www.finsdesiecles-artdeco.com\/fr\/wp-json\/wp\/v2\/product_cat?post=40609"},{"taxonomy":"product_tag","embeddable":true,"href":"https:\/\/www.finsdesiecles-artdeco.com\/fr\/wp-json\/wp\/v2\/product_tag?post=40609"}],"curies":[{"name":"wp","href":"https:\/\/api.w.org\/{rel}","templated":true}]}}