{"id":40638,"date":"2026-03-12T12:33:20","date_gmt":"2026-03-12T12:39:00","guid":{"rendered":"https:\/\/www.finsdesiecles-artdeco.com\/?post_type=product&#038;p=40638"},"modified":"2026-03-12T12:39:00","modified_gmt":"2026-03-12T12:39:00","slug":"miroir-decore-a-lacide-france-1940","status":"publish","type":"product","link":"https:\/\/www.finsdesiecles-artdeco.com\/fr\/product\/miroir-decore-a-lacide-france-1940\/","title":{"rendered":"Miroir d\u00e9cor\u00e9 \u00e0 l&rsquo;acide &#8211; France 1940"},"content":{"rendered":"<p>Miroir d\u00e9cor\u00e9 \u00e0 l&rsquo;acide &#8211; France 1940<\/p>\n<p><strong>Dimensions<\/strong><\/p>\n<p><strong>cm<\/strong>\u00a0Max 64 Min 57 x 2 x 96<\/p>\n<p><strong>inches<\/strong>\u00a0Max 25.20 Min 22.44 x 0.79 x 37.80<\/p>\n","protected":false},"excerpt":{"rendered":"<p>Miroir d\u00e9cor\u00e9 \u00e0 l&rsquo;acide de motifs de losanges et de fleurs, encadrement enti\u00e8rement biseaut\u00e9, petites fleurs en verre cachant les vis. Parfait \u00e9tat.<\/p>\n<p>France vers 1940.<\/p>\n<p>&nbsp;<\/p>\n<p><strong>Dimensions<\/strong><\/p>\n<p><strong>cm<\/strong>\u00a0Max 64 Min 57 x 2 x 96<\/p>\n<p><strong>inches<\/strong>\u00a0Max 25.20 Min 22.44 x 0.79 x 37.80<\/p>\n","protected":false},"featured_media":40621,"template":"","meta":{"_editorskit_title_hidden":false,"_editorskit_reading_time":0,"_editorskit_is_block_options_detached":false,"_editorskit_block_options_position":"{}","inline_featured_image":false},"product_brand":[],"product_cat":[454,342],"product_tag":[],"class_list":{"0":"post-40638","1":"product","2":"type-product","3":"status-publish","4":"has-post-thumbnail","6":"product_cat-miroirs-fr","7":"product_cat-miroirs","9":"first","10":"instock","11":"shipping-taxable","12":"purchasable","13":"product-type-simple"},"_links":{"self":[{"href":"https:\/\/www.finsdesiecles-artdeco.com\/fr\/wp-json\/wp\/v2\/product\/40638","targetHints":{"allow":["GET"]}}],"collection":[{"href":"https:\/\/www.finsdesiecles-artdeco.com\/fr\/wp-json\/wp\/v2\/product"}],"about":[{"href":"https:\/\/www.finsdesiecles-artdeco.com\/fr\/wp-json\/wp\/v2\/types\/product"}],"wp:featuredmedia":[{"embeddable":true,"href":"https:\/\/www.finsdesiecles-artdeco.com\/fr\/wp-json\/wp\/v2\/media\/40621"}],"wp:attachment":[{"href":"https:\/\/www.finsdesiecles-artdeco.com\/fr\/wp-json\/wp\/v2\/media?parent=40638"}],"wp:term":[{"taxonomy":"product_brand","embeddable":true,"href":"https:\/\/www.finsdesiecles-artdeco.com\/fr\/wp-json\/wp\/v2\/product_brand?post=40638"},{"taxonomy":"product_cat","embeddable":true,"href":"https:\/\/www.finsdesiecles-artdeco.com\/fr\/wp-json\/wp\/v2\/product_cat?post=40638"},{"taxonomy":"product_tag","embeddable":true,"href":"https:\/\/www.finsdesiecles-artdeco.com\/fr\/wp-json\/wp\/v2\/product_tag?post=40638"}],"curies":[{"name":"wp","href":"https:\/\/api.w.org\/{rel}","templated":true}]}}