{"id":40844,"date":"2026-03-20T14:52:57","date_gmt":"2026-03-20T15:00:37","guid":{"rendered":"https:\/\/www.finsdesiecles-artdeco.com\/?post_type=product&#038;p=40844"},"modified":"2026-03-20T15:00:37","modified_gmt":"2026-03-20T15:00:37","slug":"gueridon-de-lecole-damsterdam-1930","status":"publish","type":"product","link":"https:\/\/www.finsdesiecles-artdeco.com\/fr\/product\/gueridon-de-lecole-damsterdam-1930\/","title":{"rendered":"Gu\u00e9ridon de l\u00b4Ecole d&rsquo;Amsterdam &#8211; 1930"},"content":{"rendered":"<p>Gu\u00e9ridon de l\u00b4Ecole d&rsquo;Amsterdam &#8211; 1930<\/p>\n<p><strong>Dimensions<\/strong><\/p>\n<p><strong>cm<\/strong> Diam max 60 (pieds)\/min dessus 49 x 55<\/p>\n<p><strong>inches<\/strong> Diam max 23.62 (pieds)\/min dessus 19.29 x 21.65<\/p>\n","protected":false},"excerpt":{"rendered":"<p>Gu\u00e9ridon en ch\u00eane massif, marqueterie de ch\u00eane et d&rsquo;\u00e9b\u00e8ne de Macassar. Finition cir\u00e9e.<\/p>\n<p>Ecole d&rsquo;Amsterdam.<\/p>\n<p>Pays-Bas, Amsterdam vers 1930.<\/p>\n<p>&nbsp;<\/p>\n<p><strong>Dimensions<\/strong><\/p>\n<p><strong>cm<\/strong> Diam max 60 (pieds)\/min dessus 49 x 55<\/p>\n<p><strong>inches<\/strong> Diam max 23.62 (pieds)\/min dessus 19.29 x 21.65<\/p>\n","protected":false},"featured_media":40812,"template":"","meta":{"_editorskit_title_hidden":false,"_editorskit_reading_time":0,"_editorskit_is_block_options_detached":false,"_editorskit_block_options_position":"{}","inline_featured_image":false},"product_brand":[],"product_cat":[256,257],"product_tag":[],"class_list":{"0":"post-40844","1":"product","2":"type-product","3":"status-publish","4":"has-post-thumbnail","6":"product_cat-tables","7":"product_cat-gueridons","9":"first","10":"instock","11":"shipping-taxable","12":"purchasable","13":"product-type-simple"},"_links":{"self":[{"href":"https:\/\/www.finsdesiecles-artdeco.com\/fr\/wp-json\/wp\/v2\/product\/40844","targetHints":{"allow":["GET"]}}],"collection":[{"href":"https:\/\/www.finsdesiecles-artdeco.com\/fr\/wp-json\/wp\/v2\/product"}],"about":[{"href":"https:\/\/www.finsdesiecles-artdeco.com\/fr\/wp-json\/wp\/v2\/types\/product"}],"wp:featuredmedia":[{"embeddable":true,"href":"https:\/\/www.finsdesiecles-artdeco.com\/fr\/wp-json\/wp\/v2\/media\/40812"}],"wp:attachment":[{"href":"https:\/\/www.finsdesiecles-artdeco.com\/fr\/wp-json\/wp\/v2\/media?parent=40844"}],"wp:term":[{"taxonomy":"product_brand","embeddable":true,"href":"https:\/\/www.finsdesiecles-artdeco.com\/fr\/wp-json\/wp\/v2\/product_brand?post=40844"},{"taxonomy":"product_cat","embeddable":true,"href":"https:\/\/www.finsdesiecles-artdeco.com\/fr\/wp-json\/wp\/v2\/product_cat?post=40844"},{"taxonomy":"product_tag","embeddable":true,"href":"https:\/\/www.finsdesiecles-artdeco.com\/fr\/wp-json\/wp\/v2\/product_tag?post=40844"}],"curies":[{"name":"wp","href":"https:\/\/api.w.org\/{rel}","templated":true}]}}