{"id":40881,"date":"2026-03-21T15:03:17","date_gmt":"2026-03-21T15:08:50","guid":{"rendered":"https:\/\/www.finsdesiecles-artdeco.com\/?post_type=product&#038;p=40881"},"modified":"2026-03-21T15:08:51","modified_gmt":"2026-03-21T15:08:51","slug":"grand-miroir-par-audoux-minet-france-1950","status":"publish","type":"product","link":"https:\/\/www.finsdesiecles-artdeco.com\/fr\/product\/grand-miroir-par-audoux-minet-france-1950\/","title":{"rendered":"Grand miroir par Audoux-Minet &#8211; France 1950"},"content":{"rendered":"<p>Grand miroir par Audoux-Minet &#8211; France 1950<\/p>\n<p><strong>Dimensions<\/strong><\/p>\n<p><strong>cm<\/strong>\u00a058 x 5 x 148<\/p>\n<p><strong>inches<\/strong>\u00a022.83 x 1.97 x 58.27<\/p>\n","protected":false},"excerpt":{"rendered":"<p>Grand miroir mont\u00e9 sur contre-plaqu\u00e9, encadrement en tressage de cordes \u00e9paisses et tr\u00e8s fines. Parfait \u00e9tat.<\/p>\n<p>Adrien Audoux et Frida Minet.<\/p>\n<p>France vers 1950.<\/p>\n<p>&nbsp;<\/p>\n<p><strong>Dimensions<\/strong><\/p>\n<p><strong>cm<\/strong>\u00a058 x 5 x 148<\/p>\n<p><strong>inches<\/strong>\u00a022.83 x 1.97 x 58.27<\/p>\n","protected":false},"featured_media":40884,"template":"","meta":{"_editorskit_title_hidden":false,"_editorskit_reading_time":0,"_editorskit_is_block_options_detached":false,"_editorskit_block_options_position":"{}","inline_featured_image":false},"product_brand":[],"product_cat":[454,342],"product_tag":[],"class_list":{"0":"post-40881","1":"product","2":"type-product","3":"status-publish","4":"has-post-thumbnail","6":"product_cat-miroirs-fr","7":"product_cat-miroirs","9":"first","10":"outofstock","11":"shipping-taxable","12":"product-type-simple"},"_links":{"self":[{"href":"https:\/\/www.finsdesiecles-artdeco.com\/fr\/wp-json\/wp\/v2\/product\/40881","targetHints":{"allow":["GET"]}}],"collection":[{"href":"https:\/\/www.finsdesiecles-artdeco.com\/fr\/wp-json\/wp\/v2\/product"}],"about":[{"href":"https:\/\/www.finsdesiecles-artdeco.com\/fr\/wp-json\/wp\/v2\/types\/product"}],"wp:featuredmedia":[{"embeddable":true,"href":"https:\/\/www.finsdesiecles-artdeco.com\/fr\/wp-json\/wp\/v2\/media\/40884"}],"wp:attachment":[{"href":"https:\/\/www.finsdesiecles-artdeco.com\/fr\/wp-json\/wp\/v2\/media?parent=40881"}],"wp:term":[{"taxonomy":"product_brand","embeddable":true,"href":"https:\/\/www.finsdesiecles-artdeco.com\/fr\/wp-json\/wp\/v2\/product_brand?post=40881"},{"taxonomy":"product_cat","embeddable":true,"href":"https:\/\/www.finsdesiecles-artdeco.com\/fr\/wp-json\/wp\/v2\/product_cat?post=40881"},{"taxonomy":"product_tag","embeddable":true,"href":"https:\/\/www.finsdesiecles-artdeco.com\/fr\/wp-json\/wp\/v2\/product_tag?post=40881"}],"curies":[{"name":"wp","href":"https:\/\/api.w.org\/{rel}","templated":true}]}}