{"id":40944,"date":"2026-03-24T15:22:13","date_gmt":"2026-03-24T16:10:11","guid":{"rendered":"https:\/\/www.finsdesiecles-artdeco.com\/?post_type=product&#038;p=40944"},"modified":"2026-03-24T16:10:11","modified_gmt":"2026-03-24T16:10:11","slug":"lampadaire-par-eduardo-duque-madrid-1970","status":"publish","type":"product","link":"https:\/\/www.finsdesiecles-artdeco.com\/fr\/product\/lampadaire-par-eduardo-duque-madrid-1970\/","title":{"rendered":"Lampadaire par Eduardo Duque &#8211; Madrid 1970"},"content":{"rendered":"<p>Lampadaire par Eduardo Duque &#8211; Madrid 1970<\/p>\n<p><strong>Dimensions<\/strong><\/p>\n<p><strong>cm<\/strong>\u00a0Diam 33 x 159<\/p>\n<p><strong>inches<\/strong>\u00a0Diam 13.00 x 62.60<\/p>\n","protected":false},"excerpt":{"rendered":"<p>Lampadaire en chrome \u00e0 5 points de lumi\u00e8re aimant\u00e9s et orientables.<\/p>\n<p>Mod\u00e8le: Eyeball de Eduardo Duque pour DG Madrid.<\/p>\n<p>Espagne, Madrid 1970.<\/p>\n<p>&nbsp;<\/p>\n<p><strong>Dimensions<\/strong><\/p>\n<p><strong>cm<\/strong>\u00a0Diam 33 x 159<\/p>\n<p><strong>inches<\/strong>\u00a0Diam 13.00 x 62.60<\/p>\n","protected":false},"featured_media":40912,"template":"","meta":{"_editorskit_title_hidden":false,"_editorskit_reading_time":0,"_editorskit_is_block_options_detached":false,"_editorskit_block_options_position":"{}","inline_featured_image":false},"product_brand":[],"product_cat":[330,264],"product_tag":[],"class_list":{"0":"post-40944","1":"product","2":"type-product","3":"status-publish","4":"has-post-thumbnail","6":"product_cat-lampadaires","7":"product_cat-luminaires","9":"first","10":"instock","11":"shipping-taxable","12":"purchasable","13":"product-type-simple"},"_links":{"self":[{"href":"https:\/\/www.finsdesiecles-artdeco.com\/fr\/wp-json\/wp\/v2\/product\/40944","targetHints":{"allow":["GET"]}}],"collection":[{"href":"https:\/\/www.finsdesiecles-artdeco.com\/fr\/wp-json\/wp\/v2\/product"}],"about":[{"href":"https:\/\/www.finsdesiecles-artdeco.com\/fr\/wp-json\/wp\/v2\/types\/product"}],"wp:featuredmedia":[{"embeddable":true,"href":"https:\/\/www.finsdesiecles-artdeco.com\/fr\/wp-json\/wp\/v2\/media\/40912"}],"wp:attachment":[{"href":"https:\/\/www.finsdesiecles-artdeco.com\/fr\/wp-json\/wp\/v2\/media?parent=40944"}],"wp:term":[{"taxonomy":"product_brand","embeddable":true,"href":"https:\/\/www.finsdesiecles-artdeco.com\/fr\/wp-json\/wp\/v2\/product_brand?post=40944"},{"taxonomy":"product_cat","embeddable":true,"href":"https:\/\/www.finsdesiecles-artdeco.com\/fr\/wp-json\/wp\/v2\/product_cat?post=40944"},{"taxonomy":"product_tag","embeddable":true,"href":"https:\/\/www.finsdesiecles-artdeco.com\/fr\/wp-json\/wp\/v2\/product_tag?post=40944"}],"curies":[{"name":"wp","href":"https:\/\/api.w.org\/{rel}","templated":true}]}}