{"id":4097,"date":"2017-11-07T19:50:19","date_gmt":"2017-11-07T19:50:19","guid":{"rendered":"https:\/\/www.finsdesiecles-artdeco.com\/?product=fauteuils"},"modified":"2023-07-17T10:53:02","modified_gmt":"2023-07-17T10:53:02","slug":"paire-de-fauteuils-capitonnes-des-annees-60","status":"publish","type":"product","link":"https:\/\/www.finsdesiecles-artdeco.com\/fr\/product\/paire-de-fauteuils-capitonnes-des-annees-60\/","title":{"rendered":"Paire de fauteuils capitonn\u00e9s &#8211; Italie 1960"},"content":{"rendered":"<p>Paire de fauteuils capitonn\u00e9s &#8211; Italie 1960<\/p>\n<hr \/>\n<p><b>Dimensions<\/b><\/p>\n<ul>\n<li><b>cm:<\/b> 76 x 82 x 89 Assise 42<\/li>\n<li><b>inches:<\/b> 29.92 x 32.28 x 35.04 Assise 16.54<\/li>\n<\/ul>\n","protected":false},"excerpt":{"rendered":"<p>Spectaculaire paire de fauteuils, pi\u00e8tement \u00ab\u00a0compas\u00a0\u00bb en acier noir\u00e7i finissant par des molettes de r\u00e9glage en laiton poli, accoudoirs continus enserrant le dossier, tapisserie refaite \u00e0 neuf avec capitons sur le dossier et l&rsquo;assise en tissu bouclettes jaune moutarde.<\/p>\n<p>Italie vers 1960.<\/p>\n<p><b>Dimensions<\/b><\/p>\n<ul>\n<li><b>cm:<\/b> 76 x 82 x 89 Assise 42<\/li>\n<li><b>inches:<\/b> 29.92 x 32.28 x 35.04 Assise 16.54<\/li>\n<\/ul>\n","protected":false},"featured_media":4087,"template":"","meta":{"_editorskit_title_hidden":false,"_editorskit_reading_time":0,"_editorskit_is_block_options_detached":false,"_editorskit_block_options_position":"{}","inline_featured_image":false},"product_brand":[],"product_cat":[250,251],"product_tag":[],"class_list":{"0":"post-4097","1":"product","2":"type-product","3":"status-publish","4":"has-post-thumbnail","6":"product_cat-sieges","7":"product_cat-fauteuils","9":"first","10":"instock","11":"purchasable","12":"product-type-simple"},"_links":{"self":[{"href":"https:\/\/www.finsdesiecles-artdeco.com\/fr\/wp-json\/wp\/v2\/product\/4097","targetHints":{"allow":["GET"]}}],"collection":[{"href":"https:\/\/www.finsdesiecles-artdeco.com\/fr\/wp-json\/wp\/v2\/product"}],"about":[{"href":"https:\/\/www.finsdesiecles-artdeco.com\/fr\/wp-json\/wp\/v2\/types\/product"}],"wp:featuredmedia":[{"embeddable":true,"href":"https:\/\/www.finsdesiecles-artdeco.com\/fr\/wp-json\/wp\/v2\/media\/4087"}],"wp:attachment":[{"href":"https:\/\/www.finsdesiecles-artdeco.com\/fr\/wp-json\/wp\/v2\/media?parent=4097"}],"wp:term":[{"taxonomy":"product_brand","embeddable":true,"href":"https:\/\/www.finsdesiecles-artdeco.com\/fr\/wp-json\/wp\/v2\/product_brand?post=4097"},{"taxonomy":"product_cat","embeddable":true,"href":"https:\/\/www.finsdesiecles-artdeco.com\/fr\/wp-json\/wp\/v2\/product_cat?post=4097"},{"taxonomy":"product_tag","embeddable":true,"href":"https:\/\/www.finsdesiecles-artdeco.com\/fr\/wp-json\/wp\/v2\/product_tag?post=4097"}],"curies":[{"name":"wp","href":"https:\/\/api.w.org\/{rel}","templated":true}]}}