{"id":40981,"date":"2026-03-26T12:53:12","date_gmt":"2026-03-26T13:05:06","guid":{"rendered":"https:\/\/www.finsdesiecles-artdeco.com\/?post_type=product&#038;p=40981"},"modified":"2026-03-26T13:05:07","modified_gmt":"2026-03-26T13:05:07","slug":"petit-meuble-bar-art-deco-espagne-1930","status":"publish","type":"product","link":"https:\/\/www.finsdesiecles-artdeco.com\/fr\/product\/petit-meuble-bar-art-deco-espagne-1930\/","title":{"rendered":"Petit meuble-bar Art D\u00e9co &#8211; Espagne 1930"},"content":{"rendered":"<p>Petit meuble-bar Art D\u00e9co &#8211; Espagne 1930<\/p>\n<p><strong>Dimensions<\/strong><\/p>\n<p><strong>cm<\/strong> 109 (85 + 24 \u00e9tag\u00e8res) x 30 x 78<\/p>\n<p><strong>inches<\/strong> 42.91 (33.46 + 9.45 \u00e9tag\u00e8res) x 11.81 x 30.71<\/p>\n","protected":false},"excerpt":{"rendered":"<p>Petit meuble-bar Art D\u00e9co en bois massif plaqu\u00e9 de noyer, socle en bois noir\u00e7i, poign\u00e9es et charni\u00e8res en laiton nickel\u00e9. Vernis au tampon.<\/p>\n<p>Espagne vers 1930.<\/p>\n<p>&nbsp;<\/p>\n<p><strong>Dimensions<\/strong><\/p>\n<p><strong>cm<\/strong> 109 (85 + 24 \u00e9tag\u00e8res) x 30 x 78<\/p>\n<p><strong>inches<\/strong> 42.91 (33.46 + 9.45 \u00e9tag\u00e8res) x 11.81 x 30.71<\/p>\n","protected":false},"featured_media":40958,"template":"","meta":{"_editorskit_title_hidden":false,"_editorskit_reading_time":0,"_editorskit_is_block_options_detached":false,"_editorskit_block_options_position":"{}","inline_featured_image":false},"product_brand":[],"product_cat":[276,318],"product_tag":[],"class_list":{"0":"post-40981","1":"product","2":"type-product","3":"status-publish","4":"has-post-thumbnail","6":"product_cat-auxiliaires","7":"product_cat-meubles-bar","9":"first","10":"instock","11":"shipping-taxable","12":"purchasable","13":"product-type-simple"},"_links":{"self":[{"href":"https:\/\/www.finsdesiecles-artdeco.com\/fr\/wp-json\/wp\/v2\/product\/40981","targetHints":{"allow":["GET"]}}],"collection":[{"href":"https:\/\/www.finsdesiecles-artdeco.com\/fr\/wp-json\/wp\/v2\/product"}],"about":[{"href":"https:\/\/www.finsdesiecles-artdeco.com\/fr\/wp-json\/wp\/v2\/types\/product"}],"wp:featuredmedia":[{"embeddable":true,"href":"https:\/\/www.finsdesiecles-artdeco.com\/fr\/wp-json\/wp\/v2\/media\/40958"}],"wp:attachment":[{"href":"https:\/\/www.finsdesiecles-artdeco.com\/fr\/wp-json\/wp\/v2\/media?parent=40981"}],"wp:term":[{"taxonomy":"product_brand","embeddable":true,"href":"https:\/\/www.finsdesiecles-artdeco.com\/fr\/wp-json\/wp\/v2\/product_brand?post=40981"},{"taxonomy":"product_cat","embeddable":true,"href":"https:\/\/www.finsdesiecles-artdeco.com\/fr\/wp-json\/wp\/v2\/product_cat?post=40981"},{"taxonomy":"product_tag","embeddable":true,"href":"https:\/\/www.finsdesiecles-artdeco.com\/fr\/wp-json\/wp\/v2\/product_tag?post=40981"}],"curies":[{"name":"wp","href":"https:\/\/api.w.org\/{rel}","templated":true}]}}