{"id":41029,"date":"2026-03-27T15:28:56","date_gmt":"2026-03-27T15:37:57","guid":{"rendered":"https:\/\/www.finsdesiecles-artdeco.com\/?post_type=product&#038;p=41029"},"modified":"2026-03-27T15:37:57","modified_gmt":"2026-03-27T15:37:57","slug":"grande-lampe-de-bureau-par-josep-magem-barcelone-1969","status":"publish","type":"product","link":"https:\/\/www.finsdesiecles-artdeco.com\/fr\/product\/grande-lampe-de-bureau-par-josep-magem-barcelone-1969\/","title":{"rendered":"Grande lampe de bureau par Josep Magem &#8211; Barcelone 1969"},"content":{"rendered":"<p>Grande lampe de bureau par Josep Magem &#8211; Barcelone 1969<\/p>\n<p><strong>Dimensions\u00a0<\/strong><\/p>\n<p><strong>cm<\/strong>\u00a0Max 90 \u2013 Min 75 x Diam Base 23,5 x 60 max.<\/p>\n<p><strong>inches<\/strong>\u00a0Max 35.43 \u2013 Min 29.53 x Diam Base 9.25 x 23.62 max.<\/p>\n","protected":false},"excerpt":{"rendered":"<p>Grande lampe de bureau en t\u00f4le laqu\u00e9e bleu et flexo chrom\u00e9 r\u00e9glable en hauteur, abat-jour inclinable, c\u00e2blage original.<\/p>\n<p>Design de Josep Maria Magem pour Madom.<\/p>\n<p>Espagne, Barcelone 1969.<\/p>\n<p>&nbsp;<\/p>\n<p><strong>Dimensions\u00a0<\/strong><\/p>\n<p><strong>cm<\/strong>\u00a0Max 90 \u2013 Min 75 x Diam Base 23,5 x 60 max.<\/p>\n<p><strong>inches<\/strong>\u00a0Max 35.43 \u2013 Min 29.53 x Diam Base 9.25 x 23.62 max.<\/p>\n","protected":false},"featured_media":40994,"template":"","meta":{"_editorskit_title_hidden":false,"_editorskit_reading_time":0,"_editorskit_is_block_options_detached":false,"_editorskit_block_options_position":"{}","inline_featured_image":false},"product_brand":[],"product_cat":[333,264],"product_tag":[],"class_list":{"0":"post-41029","1":"product","2":"type-product","3":"status-publish","4":"has-post-thumbnail","6":"product_cat-lampes-de-table","7":"product_cat-luminaires","9":"first","10":"instock","11":"shipping-taxable","12":"purchasable","13":"product-type-simple"},"_links":{"self":[{"href":"https:\/\/www.finsdesiecles-artdeco.com\/fr\/wp-json\/wp\/v2\/product\/41029","targetHints":{"allow":["GET"]}}],"collection":[{"href":"https:\/\/www.finsdesiecles-artdeco.com\/fr\/wp-json\/wp\/v2\/product"}],"about":[{"href":"https:\/\/www.finsdesiecles-artdeco.com\/fr\/wp-json\/wp\/v2\/types\/product"}],"wp:featuredmedia":[{"embeddable":true,"href":"https:\/\/www.finsdesiecles-artdeco.com\/fr\/wp-json\/wp\/v2\/media\/40994"}],"wp:attachment":[{"href":"https:\/\/www.finsdesiecles-artdeco.com\/fr\/wp-json\/wp\/v2\/media?parent=41029"}],"wp:term":[{"taxonomy":"product_brand","embeddable":true,"href":"https:\/\/www.finsdesiecles-artdeco.com\/fr\/wp-json\/wp\/v2\/product_brand?post=41029"},{"taxonomy":"product_cat","embeddable":true,"href":"https:\/\/www.finsdesiecles-artdeco.com\/fr\/wp-json\/wp\/v2\/product_cat?post=41029"},{"taxonomy":"product_tag","embeddable":true,"href":"https:\/\/www.finsdesiecles-artdeco.com\/fr\/wp-json\/wp\/v2\/product_tag?post=41029"}],"curies":[{"name":"wp","href":"https:\/\/api.w.org\/{rel}","templated":true}]}}