{"id":41398,"date":"2026-04-27T15:13:16","date_gmt":"2026-04-27T16:05:05","guid":{"rendered":"https:\/\/www.finsdesiecles-artdeco.com\/?post_type=product&#038;p=41398"},"modified":"2026-04-27T16:05:05","modified_gmt":"2026-04-27T16:05:05","slug":"grande-enfilade-art-deco-italie-1930","status":"publish","type":"product","link":"https:\/\/www.finsdesiecles-artdeco.com\/fr\/product\/grande-enfilade-art-deco-italie-1930\/","title":{"rendered":"Grande enfilade Art D\u00e9co &#8211; Italie 1930"},"content":{"rendered":"<p>Grande enfilade Art D\u00e9co &#8211; Italie 1930<\/p>\n<p><strong>Dimensions<\/strong><\/p>\n<p><strong>cm<\/strong> 248 x 60 (57 + 3 poign\u00e9es ) x 100 \u2013 106 aux extr\u00e9mit\u00e9s<\/p>\n<p><strong>inches<\/strong> 97.64 x 22.62 (22.44 + 1.18 poign\u00e9es) x 39.37 \u2013 41.73 aux extr\u00e9mit\u00e9s<\/p>\n","protected":false},"excerpt":{"rendered":"<p>Grande enfilade Art D\u00e9co d\u00e9montable en placage de palissandre, 4 portes en placage d&rsquo;\u00e9rable mouchet\u00e9 (la porte de droite abrite 6 tiroirs en noyer), dessus en opaline noire (petite \u00e9br\u00e8chure sur un coin), poign\u00e9es de tirage et quincaillerie en laiton nickel\u00e9, vernis au tampon.<\/p>\n<p>Italie 1930<\/p>\n<p>&nbsp;<\/p>\n<p><strong>Dimensions<\/strong><\/p>\n<p><strong>cm<\/strong> 248 x 60 (57 + 3 poign\u00e9es) x 100 \u2013 106 aux extr\u00e9mit\u00e9s<\/p>\n<p><strong>inches<\/strong> 97.64 x 22.62 (22.44 + 1.18 poign\u00e9es) x 39.37 \u2013 41.73 aux extr\u00e9mit\u00e9s<\/p>\n","protected":false},"featured_media":41363,"template":"","meta":{"_editorskit_title_hidden":false,"_editorskit_reading_time":0,"_editorskit_is_block_options_detached":false,"_editorskit_block_options_position":"{}","inline_featured_image":false},"product_brand":[],"product_cat":[415,273],"product_tag":[],"class_list":{"0":"post-41398","1":"product","2":"type-product","3":"status-publish","4":"has-post-thumbnail","6":"product_cat-meubles-de-rangement","7":"product_cat-enfilades","9":"first","10":"instock","11":"shipping-taxable","12":"purchasable","13":"product-type-simple"},"_links":{"self":[{"href":"https:\/\/www.finsdesiecles-artdeco.com\/fr\/wp-json\/wp\/v2\/product\/41398","targetHints":{"allow":["GET"]}}],"collection":[{"href":"https:\/\/www.finsdesiecles-artdeco.com\/fr\/wp-json\/wp\/v2\/product"}],"about":[{"href":"https:\/\/www.finsdesiecles-artdeco.com\/fr\/wp-json\/wp\/v2\/types\/product"}],"wp:featuredmedia":[{"embeddable":true,"href":"https:\/\/www.finsdesiecles-artdeco.com\/fr\/wp-json\/wp\/v2\/media\/41363"}],"wp:attachment":[{"href":"https:\/\/www.finsdesiecles-artdeco.com\/fr\/wp-json\/wp\/v2\/media?parent=41398"}],"wp:term":[{"taxonomy":"product_brand","embeddable":true,"href":"https:\/\/www.finsdesiecles-artdeco.com\/fr\/wp-json\/wp\/v2\/product_brand?post=41398"},{"taxonomy":"product_cat","embeddable":true,"href":"https:\/\/www.finsdesiecles-artdeco.com\/fr\/wp-json\/wp\/v2\/product_cat?post=41398"},{"taxonomy":"product_tag","embeddable":true,"href":"https:\/\/www.finsdesiecles-artdeco.com\/fr\/wp-json\/wp\/v2\/product_tag?post=41398"}],"curies":[{"name":"wp","href":"https:\/\/api.w.org\/{rel}","templated":true}]}}