{"id":4154,"date":"2018-01-07T13:42:05","date_gmt":"2018-01-07T13:42:05","guid":{"rendered":"https:\/\/www.finsdesiecles-artdeco.com\/?product=fauteuils"},"modified":"2023-06-15T15:33:24","modified_gmt":"2023-06-15T15:33:24","slug":"paire-de-fauteuils-art-deco-italie-vers-1930","status":"publish","type":"product","link":"https:\/\/www.finsdesiecles-artdeco.com\/fr\/product\/paire-de-fauteuils-art-deco-italie-vers-1930\/","title":{"rendered":"Paire de fauteuils Art D\u00e9co &#8211; Italie 1930"},"content":{"rendered":"<p>Paire de fauteuils Art D\u00e9co &#8211; Italie, 1930<\/p>\n<hr \/>\n<p><b>Dimensions<\/b><\/p>\n<ul>\n<li><b>cm:<\/b> 73 x 90 x 95 Assise 45<\/li>\n<li><b>inches:<\/b> 28.74 x 35.43 x 37.4 Assise 17.72<\/li>\n<\/ul>\n","protected":false},"excerpt":{"rendered":"<p>Paire de fauteuils Art D\u00e9co \u00e0 haut dossier en noyer massif et placage de noyer verni au tampon, tapisserie refaite \u00e0 neuf en laine chin\u00e9e noir et blanc.<\/p>\n<p>Italie vers 1930.<\/p>\n<p><b>Dimensions<\/b><\/p>\n<ul>\n<li><b>cm:<\/b> 73 x 90 x 95 Assise 45<\/li>\n<li><b>inches:<\/b> 28.74 x 35.43 x 37.4 Assise 17.72<\/li>\n<\/ul>\n","protected":false},"featured_media":4144,"template":"","meta":{"_editorskit_title_hidden":false,"_editorskit_reading_time":0,"_editorskit_is_block_options_detached":false,"_editorskit_block_options_position":"{}","inline_featured_image":false},"product_brand":[],"product_cat":[250,251],"product_tag":[],"class_list":{"0":"post-4154","1":"product","2":"type-product","3":"status-publish","4":"has-post-thumbnail","6":"product_cat-sieges","7":"product_cat-fauteuils","9":"first","10":"instock","11":"purchasable","12":"product-type-simple"},"_links":{"self":[{"href":"https:\/\/www.finsdesiecles-artdeco.com\/fr\/wp-json\/wp\/v2\/product\/4154","targetHints":{"allow":["GET"]}}],"collection":[{"href":"https:\/\/www.finsdesiecles-artdeco.com\/fr\/wp-json\/wp\/v2\/product"}],"about":[{"href":"https:\/\/www.finsdesiecles-artdeco.com\/fr\/wp-json\/wp\/v2\/types\/product"}],"wp:featuredmedia":[{"embeddable":true,"href":"https:\/\/www.finsdesiecles-artdeco.com\/fr\/wp-json\/wp\/v2\/media\/4144"}],"wp:attachment":[{"href":"https:\/\/www.finsdesiecles-artdeco.com\/fr\/wp-json\/wp\/v2\/media?parent=4154"}],"wp:term":[{"taxonomy":"product_brand","embeddable":true,"href":"https:\/\/www.finsdesiecles-artdeco.com\/fr\/wp-json\/wp\/v2\/product_brand?post=4154"},{"taxonomy":"product_cat","embeddable":true,"href":"https:\/\/www.finsdesiecles-artdeco.com\/fr\/wp-json\/wp\/v2\/product_cat?post=4154"},{"taxonomy":"product_tag","embeddable":true,"href":"https:\/\/www.finsdesiecles-artdeco.com\/fr\/wp-json\/wp\/v2\/product_tag?post=4154"}],"curies":[{"name":"wp","href":"https:\/\/api.w.org\/{rel}","templated":true}]}}