{"id":4163,"date":"2018-01-07T15:10:48","date_gmt":"2018-01-07T15:10:48","guid":{"rendered":"https:\/\/www.finsdesiecles-artdeco.com\/?product=lustres"},"modified":"2022-10-29T13:59:29","modified_gmt":"2022-10-29T13:59:29","slug":"suspension-lanterne-italie-1950","status":"publish","type":"product","link":"https:\/\/www.finsdesiecles-artdeco.com\/fr\/product\/suspension-lanterne-italie-1950\/","title":{"rendered":"Suspension-lanterne &#8211; Italie 1950"},"content":{"rendered":"<p>Suspension-lanterne &#8211; Italie 1950<\/p>\n<hr \/>\n<p><b>Dimensions<\/b><\/p>\n<ul>\n<li><b>cm:<\/b> Diam 32 x 100<\/li>\n<li><b>inches:<\/b> Diam 12.6 x 39.37<\/li>\n<\/ul>\n","protected":false},"excerpt":{"rendered":"<p>Suspension-lanterne, compos\u00e9e d&rsquo;une boule en verre moul\u00e9 et travaill\u00e9 \u00e0 l&rsquo;acide enser\u00e9e dans six griffes en laiton poli reli\u00e9es \u00e0 une chaine \u00e0 maillons dor\u00e9s et un cache-cables.<\/p>\n<p>Fabricant: Esperia.<\/p>\n<p>Italie 1950.<\/p>\n<p><b>Dimensions<\/b><\/p>\n<ul>\n<li><b>cm:<\/b> Diam 32 x 100<\/li>\n<li><b>inches:<\/b> Diam 12.6 x 39.37<\/li>\n<\/ul>\n","protected":false},"featured_media":4157,"template":"","meta":{"_editorskit_title_hidden":false,"_editorskit_reading_time":0,"_editorskit_is_block_options_detached":false,"_editorskit_block_options_position":"{}","inline_featured_image":false},"product_brand":[],"product_cat":[264,327],"product_tag":[],"class_list":{"0":"post-4163","1":"product","2":"type-product","3":"status-publish","4":"has-post-thumbnail","6":"product_cat-luminaires","7":"product_cat-lustres","9":"first","10":"instock","11":"purchasable","12":"product-type-simple"},"_links":{"self":[{"href":"https:\/\/www.finsdesiecles-artdeco.com\/fr\/wp-json\/wp\/v2\/product\/4163","targetHints":{"allow":["GET"]}}],"collection":[{"href":"https:\/\/www.finsdesiecles-artdeco.com\/fr\/wp-json\/wp\/v2\/product"}],"about":[{"href":"https:\/\/www.finsdesiecles-artdeco.com\/fr\/wp-json\/wp\/v2\/types\/product"}],"wp:featuredmedia":[{"embeddable":true,"href":"https:\/\/www.finsdesiecles-artdeco.com\/fr\/wp-json\/wp\/v2\/media\/4157"}],"wp:attachment":[{"href":"https:\/\/www.finsdesiecles-artdeco.com\/fr\/wp-json\/wp\/v2\/media?parent=4163"}],"wp:term":[{"taxonomy":"product_brand","embeddable":true,"href":"https:\/\/www.finsdesiecles-artdeco.com\/fr\/wp-json\/wp\/v2\/product_brand?post=4163"},{"taxonomy":"product_cat","embeddable":true,"href":"https:\/\/www.finsdesiecles-artdeco.com\/fr\/wp-json\/wp\/v2\/product_cat?post=4163"},{"taxonomy":"product_tag","embeddable":true,"href":"https:\/\/www.finsdesiecles-artdeco.com\/fr\/wp-json\/wp\/v2\/product_tag?post=4163"}],"curies":[{"name":"wp","href":"https:\/\/api.w.org\/{rel}","templated":true}]}}