{"id":41640,"date":"2026-05-15T10:50:47","date_gmt":"2026-05-15T11:03:07","guid":{"rendered":"https:\/\/www.finsdesiecles-artdeco.com\/?post_type=product&#038;p=41640"},"modified":"2026-05-15T11:03:07","modified_gmt":"2026-05-15T11:03:07","slug":"miroir-biseaute-ovale-bleute-italie-1950","status":"publish","type":"product","link":"https:\/\/www.finsdesiecles-artdeco.com\/fr\/product\/miroir-biseaute-ovale-bleute-italie-1950\/","title":{"rendered":"Miroir biseaut\u00e9 ovale bleut\u00e9 &#8211; Italie 1950"},"content":{"rendered":"<p>Miroir biseaut\u00e9 ovale bleut\u00e9 &#8211; Italie 1950<\/p>\n<p><strong>Dimensions<\/strong><\/p>\n<p><strong>cm<\/strong>\u00a060 x 2 x 80<\/p>\n<p><strong>inches<\/strong>\u00a023.62 x 0.79 x 31.50<\/p>\n","protected":false},"excerpt":{"rendered":"<p>Miroir biseaut\u00e9 ovale doubl\u00e9 d&rsquo;une glace bleut\u00e9e mont\u00e9e sur un cadre m\u00e9tallique. Finitions en m\u00e9tal chrom\u00e9.<\/p>\n<p>Italie vers 1950.<\/p>\n<p>&nbsp;<\/p>\n<p><strong>Dimensions<\/strong><\/p>\n<p><strong>cm<\/strong>\u00a060 x 2 x 80<\/p>\n<p><strong>inches<\/strong>\u00a023.62 x 0.79 x 31.50<\/p>\n","protected":false},"featured_media":41626,"template":"","meta":{"_editorskit_title_hidden":false,"_editorskit_reading_time":0,"_editorskit_is_block_options_detached":false,"_editorskit_block_options_position":"{}","inline_featured_image":false},"product_brand":[],"product_cat":[454,342],"product_tag":[],"class_list":{"0":"post-41640","1":"product","2":"type-product","3":"status-publish","4":"has-post-thumbnail","6":"product_cat-miroirs-fr","7":"product_cat-miroirs","9":"first","10":"instock","11":"shipping-taxable","12":"purchasable","13":"product-type-simple"},"_links":{"self":[{"href":"https:\/\/www.finsdesiecles-artdeco.com\/fr\/wp-json\/wp\/v2\/product\/41640","targetHints":{"allow":["GET"]}}],"collection":[{"href":"https:\/\/www.finsdesiecles-artdeco.com\/fr\/wp-json\/wp\/v2\/product"}],"about":[{"href":"https:\/\/www.finsdesiecles-artdeco.com\/fr\/wp-json\/wp\/v2\/types\/product"}],"wp:featuredmedia":[{"embeddable":true,"href":"https:\/\/www.finsdesiecles-artdeco.com\/fr\/wp-json\/wp\/v2\/media\/41626"}],"wp:attachment":[{"href":"https:\/\/www.finsdesiecles-artdeco.com\/fr\/wp-json\/wp\/v2\/media?parent=41640"}],"wp:term":[{"taxonomy":"product_brand","embeddable":true,"href":"https:\/\/www.finsdesiecles-artdeco.com\/fr\/wp-json\/wp\/v2\/product_brand?post=41640"},{"taxonomy":"product_cat","embeddable":true,"href":"https:\/\/www.finsdesiecles-artdeco.com\/fr\/wp-json\/wp\/v2\/product_cat?post=41640"},{"taxonomy":"product_tag","embeddable":true,"href":"https:\/\/www.finsdesiecles-artdeco.com\/fr\/wp-json\/wp\/v2\/product_tag?post=41640"}],"curies":[{"name":"wp","href":"https:\/\/api.w.org\/{rel}","templated":true}]}}