{"id":41665,"date":"2026-05-16T18:03:00","date_gmt":"2026-05-16T18:09:22","guid":{"rendered":"https:\/\/www.finsdesiecles-artdeco.com\/?post_type=product&#038;p=41665"},"modified":"2026-05-16T18:09:22","modified_gmt":"2026-05-16T18:09:22","slug":"miroir-ovale-biseaute-rose-italie-1950","status":"publish","type":"product","link":"https:\/\/www.finsdesiecles-artdeco.com\/fr\/product\/miroir-ovale-biseaute-rose-italie-1950\/","title":{"rendered":"Miroir ovale biseaut\u00e9 rose &#8211; Italie 1950"},"content":{"rendered":"<p>Miroir ovale biseaut\u00e9 rose &#8211; Italie 1950<\/p>\n<p><strong>Dimensions\u00a0<\/strong><\/p>\n<p><strong>cm<\/strong>\u00a059 x 3 x 90<\/p>\n<p><strong>inches<\/strong>\u00a023.23 x 1.18 x 35.43<\/p>\n","protected":false},"excerpt":{"rendered":"<p>Miroir ovale biseaut\u00e9 doubl\u00e9 d&rsquo;une glace biseaut\u00e9e de couleur rose. Fixations en m\u00e9tal chrom\u00e9. Tr\u00e8s belle qualit\u00e9.<\/p>\n<p>Italie vers 1950.<\/p>\n<p>&nbsp;<\/p>\n<p><strong>Dimensions\u00a0<\/strong><\/p>\n<p><strong>cm<\/strong>\u00a059 x 3 x 90<\/p>\n<p><strong>inches<\/strong>\u00a023.23 x 1.18 x 35.43<\/p>\n","protected":false},"featured_media":41650,"template":"","meta":{"_editorskit_title_hidden":false,"_editorskit_reading_time":0,"_editorskit_is_block_options_detached":false,"_editorskit_block_options_position":"{}","inline_featured_image":false},"product_brand":[],"product_cat":[454,342],"product_tag":[],"class_list":{"0":"post-41665","1":"product","2":"type-product","3":"status-publish","4":"has-post-thumbnail","6":"product_cat-miroirs-fr","7":"product_cat-miroirs","9":"first","10":"instock","11":"shipping-taxable","12":"purchasable","13":"product-type-simple"},"_links":{"self":[{"href":"https:\/\/www.finsdesiecles-artdeco.com\/fr\/wp-json\/wp\/v2\/product\/41665","targetHints":{"allow":["GET"]}}],"collection":[{"href":"https:\/\/www.finsdesiecles-artdeco.com\/fr\/wp-json\/wp\/v2\/product"}],"about":[{"href":"https:\/\/www.finsdesiecles-artdeco.com\/fr\/wp-json\/wp\/v2\/types\/product"}],"wp:featuredmedia":[{"embeddable":true,"href":"https:\/\/www.finsdesiecles-artdeco.com\/fr\/wp-json\/wp\/v2\/media\/41650"}],"wp:attachment":[{"href":"https:\/\/www.finsdesiecles-artdeco.com\/fr\/wp-json\/wp\/v2\/media?parent=41665"}],"wp:term":[{"taxonomy":"product_brand","embeddable":true,"href":"https:\/\/www.finsdesiecles-artdeco.com\/fr\/wp-json\/wp\/v2\/product_brand?post=41665"},{"taxonomy":"product_cat","embeddable":true,"href":"https:\/\/www.finsdesiecles-artdeco.com\/fr\/wp-json\/wp\/v2\/product_cat?post=41665"},{"taxonomy":"product_tag","embeddable":true,"href":"https:\/\/www.finsdesiecles-artdeco.com\/fr\/wp-json\/wp\/v2\/product_tag?post=41665"}],"curies":[{"name":"wp","href":"https:\/\/api.w.org\/{rel}","templated":true}]}}