{"id":4196,"date":"2018-01-14T19:40:26","date_gmt":"2018-01-14T19:40:26","guid":{"rendered":"https:\/\/www.finsdesiecles-artdeco.com\/?product=tables-de-nuit"},"modified":"2022-09-23T11:25:00","modified_gmt":"2022-09-23T11:25:00","slug":"paire-de-chevets-galbes-italie-1940","status":"publish","type":"product","link":"https:\/\/www.finsdesiecles-artdeco.com\/fr\/product\/paire-de-chevets-galbes-italie-1940\/","title":{"rendered":"Paire de chevets galb\u00e9s &#8211; Italie 1940"},"content":{"rendered":"<p>Paire de chevets galb\u00e9s &#8211; Italie 1940<\/p>\n<hr \/>\n<p><b>Dimensions<\/b><\/p>\n<ul>\n<li><b>cm:<\/b> 59 x 30 x 58<\/li>\n<li><b>inches:<\/b> 23.23 x 11.81 x 22.83<\/li>\n<\/ul>\n","protected":false},"excerpt":{"rendered":"<p>Paire de chevets galb\u00e9s \u00e0 une porte et un casier en loupe de thuya verni au tampon (int\u00e9rieur en \u00e9rable mouchet\u00e9) reposant sur un socle en noyer massif teint\u00e9 marron d\u00e9cor\u00e9 de frises de feuilles &amp; moulures en bois dor\u00e9 \u00e0 l&rsquo;or fin. Boutons en laiton poli. Dessus en marbre.<\/p>\n<p>Italie vers 1940.<\/p>\n<p><b>Dimensions<\/b><\/p>\n<ul>\n<li><b>cm:<\/b> 59 x 30 x 58<\/li>\n<li><b>inches:<\/b> 23.23 x 11.81 x 22.83<\/li>\n<\/ul>\n","protected":false},"featured_media":4188,"template":"","meta":{"_editorskit_title_hidden":false,"_editorskit_reading_time":0,"_editorskit_is_block_options_detached":false,"_editorskit_block_options_position":"{}","inline_featured_image":false},"product_brand":[],"product_cat":[256,415,270,312],"product_tag":[],"class_list":{"0":"post-4196","1":"product","2":"type-product","3":"status-publish","4":"has-post-thumbnail","6":"product_cat-tables","7":"product_cat-meubles-de-rangement","8":"product_cat-chambres-a-coucher","9":"product_cat-tables-de-nuit","11":"first","12":"instock","13":"purchasable","14":"product-type-simple"},"_links":{"self":[{"href":"https:\/\/www.finsdesiecles-artdeco.com\/fr\/wp-json\/wp\/v2\/product\/4196","targetHints":{"allow":["GET"]}}],"collection":[{"href":"https:\/\/www.finsdesiecles-artdeco.com\/fr\/wp-json\/wp\/v2\/product"}],"about":[{"href":"https:\/\/www.finsdesiecles-artdeco.com\/fr\/wp-json\/wp\/v2\/types\/product"}],"wp:featuredmedia":[{"embeddable":true,"href":"https:\/\/www.finsdesiecles-artdeco.com\/fr\/wp-json\/wp\/v2\/media\/4188"}],"wp:attachment":[{"href":"https:\/\/www.finsdesiecles-artdeco.com\/fr\/wp-json\/wp\/v2\/media?parent=4196"}],"wp:term":[{"taxonomy":"product_brand","embeddable":true,"href":"https:\/\/www.finsdesiecles-artdeco.com\/fr\/wp-json\/wp\/v2\/product_brand?post=4196"},{"taxonomy":"product_cat","embeddable":true,"href":"https:\/\/www.finsdesiecles-artdeco.com\/fr\/wp-json\/wp\/v2\/product_cat?post=4196"},{"taxonomy":"product_tag","embeddable":true,"href":"https:\/\/www.finsdesiecles-artdeco.com\/fr\/wp-json\/wp\/v2\/product_tag?post=4196"}],"curies":[{"name":"wp","href":"https:\/\/api.w.org\/{rel}","templated":true}]}}