{"id":4308,"date":"2018-02-18T11:27:20","date_gmt":"2018-02-18T11:27:20","guid":{"rendered":"https:\/\/www.finsdesiecles-artdeco.com\/?product=tables-basses"},"modified":"2022-10-13T16:07:59","modified_gmt":"2022-10-13T16:07:59","slug":"table-de-centre-italie-1950","status":"publish","type":"product","link":"https:\/\/www.finsdesiecles-artdeco.com\/fr\/product\/table-de-centre-italie-1950\/","title":{"rendered":"Table de centre &#8211; Italie 1950"},"content":{"rendered":"<p>Table de centre &#8211; Italie 1950<\/p>\n<hr \/>\n<p><b>Dimensions<\/b><\/p>\n<ul>\n<li><b>cm:<\/b> Diam 67 x 46<\/li>\n<li><b>inches:<\/b> Diam 26.38 x 18.11<\/li>\n<\/ul>\n","protected":false},"excerpt":{"rendered":"<p>Table de centre de tr\u00e8s grande qualit\u00e9, pieds en acier laqu\u00e9s noir avec vis de r\u00e9glage et cabochons de serrage en laiton massif, plateau inf\u00e9rieur en verre miroit\u00e9 bleu cobalt, plateau sup\u00e9rieur en verre transparent.<\/p>\n<p>Italie vers 1950.<\/p>\n<p><b>Dimensions<\/b><\/p>\n<ul>\n<li><b>cm:<\/b> Diam 67 x 46<\/li>\n<li><b>inches:<\/b> Diam 26.38 x 18.11<\/li>\n<\/ul>\n","protected":false},"featured_media":4302,"template":"","meta":{"_editorskit_title_hidden":false,"_editorskit_reading_time":0,"_editorskit_is_block_options_detached":false,"_editorskit_block_options_position":"{}","inline_featured_image":false},"product_brand":[],"product_cat":[256,291],"product_tag":[],"class_list":{"0":"post-4308","1":"product","2":"type-product","3":"status-publish","4":"has-post-thumbnail","6":"product_cat-tables","7":"product_cat-tables-basses","9":"first","10":"instock","11":"purchasable","12":"product-type-simple"},"_links":{"self":[{"href":"https:\/\/www.finsdesiecles-artdeco.com\/fr\/wp-json\/wp\/v2\/product\/4308","targetHints":{"allow":["GET"]}}],"collection":[{"href":"https:\/\/www.finsdesiecles-artdeco.com\/fr\/wp-json\/wp\/v2\/product"}],"about":[{"href":"https:\/\/www.finsdesiecles-artdeco.com\/fr\/wp-json\/wp\/v2\/types\/product"}],"wp:featuredmedia":[{"embeddable":true,"href":"https:\/\/www.finsdesiecles-artdeco.com\/fr\/wp-json\/wp\/v2\/media\/4302"}],"wp:attachment":[{"href":"https:\/\/www.finsdesiecles-artdeco.com\/fr\/wp-json\/wp\/v2\/media?parent=4308"}],"wp:term":[{"taxonomy":"product_brand","embeddable":true,"href":"https:\/\/www.finsdesiecles-artdeco.com\/fr\/wp-json\/wp\/v2\/product_brand?post=4308"},{"taxonomy":"product_cat","embeddable":true,"href":"https:\/\/www.finsdesiecles-artdeco.com\/fr\/wp-json\/wp\/v2\/product_cat?post=4308"},{"taxonomy":"product_tag","embeddable":true,"href":"https:\/\/www.finsdesiecles-artdeco.com\/fr\/wp-json\/wp\/v2\/product_tag?post=4308"}],"curies":[{"name":"wp","href":"https:\/\/api.w.org\/{rel}","templated":true}]}}