{"id":4346,"date":"2018-03-09T13:00:36","date_gmt":"2018-03-09T13:00:36","guid":{"rendered":"https:\/\/www.finsdesiecles-artdeco.com\/?product=lampadaires"},"modified":"2022-11-19T11:50:48","modified_gmt":"2022-11-19T11:50:48","slug":"lampadaire-tripode-en-laiton-france-1960","status":"publish","type":"product","link":"https:\/\/www.finsdesiecles-artdeco.com\/fr\/product\/lampadaire-tripode-en-laiton-france-1960\/","title":{"rendered":"Lampadaire tripode en laiton &#8211; France 1960"},"content":{"rendered":"<p>Lampadaire tripode en laiton &#8211; France 1960<\/p>\n<hr \/>\n<p><b>Dimensions<\/b><\/p>\n<ul>\n<li><b>cm:<\/b> Diam. max. 90 x 173<\/li>\n<li><b>inches:<\/b> Diam. max. 35.43 x 68.11<\/li>\n<\/ul>\n","protected":false},"excerpt":{"rendered":"<p>Lampadaire tripode en laiton, base en acier laqu\u00e9 noir, d\u00e9coration en lacet plastifi\u00e9 noir surmont\u00e9e de trois bras flexibles re\u00e7evant les abats-jour originaux en papier \u00e9pais imitation parchemin \u00e0 motifs peints \u00e0 la main en relief (il faut en restaurer un). Interrupteurs individuels.<\/p>\n<p>France vers 1960.<\/p>\n<p>&nbsp;<\/p>\n<p>Base: Diam. 25 cm<\/p>\n<p><b>Dimensions<\/b><\/p>\n<ul>\n<li><b>cm:<\/b> Diam. max. 90 x 173<\/li>\n<li><b>inches:<\/b> Diam. max. 35.43 x 68.11<\/li>\n<\/ul>\n","protected":false},"featured_media":4335,"template":"","meta":{"_editorskit_title_hidden":false,"_editorskit_reading_time":0,"_editorskit_is_block_options_detached":false,"_editorskit_block_options_position":"{}","inline_featured_image":false},"product_brand":[],"product_cat":[264,330],"product_tag":[],"class_list":{"0":"post-4346","1":"product","2":"type-product","3":"status-publish","4":"has-post-thumbnail","6":"product_cat-luminaires","7":"product_cat-lampadaires","9":"first","10":"instock","11":"purchasable","12":"product-type-simple"},"_links":{"self":[{"href":"https:\/\/www.finsdesiecles-artdeco.com\/fr\/wp-json\/wp\/v2\/product\/4346","targetHints":{"allow":["GET"]}}],"collection":[{"href":"https:\/\/www.finsdesiecles-artdeco.com\/fr\/wp-json\/wp\/v2\/product"}],"about":[{"href":"https:\/\/www.finsdesiecles-artdeco.com\/fr\/wp-json\/wp\/v2\/types\/product"}],"wp:featuredmedia":[{"embeddable":true,"href":"https:\/\/www.finsdesiecles-artdeco.com\/fr\/wp-json\/wp\/v2\/media\/4335"}],"wp:attachment":[{"href":"https:\/\/www.finsdesiecles-artdeco.com\/fr\/wp-json\/wp\/v2\/media?parent=4346"}],"wp:term":[{"taxonomy":"product_brand","embeddable":true,"href":"https:\/\/www.finsdesiecles-artdeco.com\/fr\/wp-json\/wp\/v2\/product_brand?post=4346"},{"taxonomy":"product_cat","embeddable":true,"href":"https:\/\/www.finsdesiecles-artdeco.com\/fr\/wp-json\/wp\/v2\/product_cat?post=4346"},{"taxonomy":"product_tag","embeddable":true,"href":"https:\/\/www.finsdesiecles-artdeco.com\/fr\/wp-json\/wp\/v2\/product_tag?post=4346"}],"curies":[{"name":"wp","href":"https:\/\/api.w.org\/{rel}","templated":true}]}}