{"id":4456,"date":"2018-06-16T13:08:08","date_gmt":"2018-06-16T13:08:08","guid":{"rendered":"https:\/\/www.finsdesiecles-artdeco.com\/?product=dressoirs"},"modified":"2022-10-13T14:25:52","modified_gmt":"2022-10-13T14:25:52","slug":"enfilade-a-4-portes-italie-1940","status":"publish","type":"product","link":"https:\/\/www.finsdesiecles-artdeco.com\/fr\/product\/enfilade-a-4-portes-italie-1940\/","title":{"rendered":"Enfilade \u00e0 4 portes &#8211; Italie 1940"},"content":{"rendered":"<p>Enfilade \u00e0 4 portes &#8211; Italie 1940<\/p>\n<hr \/>\n<p><b>Dimensions<\/b><\/p>\n<ul>\n<li><b>cm:<\/b> 191 x 43 x 101<\/li>\n<li><b>inches:<\/b> 75.2 x 16.93 x 39.76<\/li>\n<\/ul>\n","protected":false},"excerpt":{"rendered":"<p>Tr\u00e8s originale enfilade en noyer \u00e0 4 portes, teint\u00e9e et vernie au tampon, reposant sur un socle courb\u00e9 laqu\u00e9 noir, portes centrales agr\u00e9ment\u00e9es de grilles en laiton poli et verre d&rsquo;origine \u00e0 d\u00e9cor v\u00e9g\u00e9tal. Quincaillerie en laiton poli.<\/p>\n<p>Italie vers 1940.<\/p>\n<p><b>Dimensions<\/b><\/p>\n<ul>\n<li><b>cm:<\/b> 191 x 43 x 101<\/li>\n<li><b>inches:<\/b> 75.2 x 16.93 x 39.76<\/li>\n<\/ul>\n","protected":false},"featured_media":4447,"template":"","meta":{"_editorskit_title_hidden":false,"_editorskit_reading_time":0,"_editorskit_is_block_options_detached":false,"_editorskit_block_options_position":"{}","inline_featured_image":false},"product_brand":[],"product_cat":[415,273],"product_tag":[],"class_list":{"0":"post-4456","1":"product","2":"type-product","3":"status-publish","4":"has-post-thumbnail","6":"product_cat-meubles-de-rangement","7":"product_cat-enfilades","9":"first","10":"instock","11":"purchasable","12":"product-type-simple"},"_links":{"self":[{"href":"https:\/\/www.finsdesiecles-artdeco.com\/fr\/wp-json\/wp\/v2\/product\/4456","targetHints":{"allow":["GET"]}}],"collection":[{"href":"https:\/\/www.finsdesiecles-artdeco.com\/fr\/wp-json\/wp\/v2\/product"}],"about":[{"href":"https:\/\/www.finsdesiecles-artdeco.com\/fr\/wp-json\/wp\/v2\/types\/product"}],"wp:featuredmedia":[{"embeddable":true,"href":"https:\/\/www.finsdesiecles-artdeco.com\/fr\/wp-json\/wp\/v2\/media\/4447"}],"wp:attachment":[{"href":"https:\/\/www.finsdesiecles-artdeco.com\/fr\/wp-json\/wp\/v2\/media?parent=4456"}],"wp:term":[{"taxonomy":"product_brand","embeddable":true,"href":"https:\/\/www.finsdesiecles-artdeco.com\/fr\/wp-json\/wp\/v2\/product_brand?post=4456"},{"taxonomy":"product_cat","embeddable":true,"href":"https:\/\/www.finsdesiecles-artdeco.com\/fr\/wp-json\/wp\/v2\/product_cat?post=4456"},{"taxonomy":"product_tag","embeddable":true,"href":"https:\/\/www.finsdesiecles-artdeco.com\/fr\/wp-json\/wp\/v2\/product_tag?post=4456"}],"curies":[{"name":"wp","href":"https:\/\/api.w.org\/{rel}","templated":true}]}}