{"id":4584,"date":"2018-10-16T15:49:42","date_gmt":"2018-10-16T15:49:42","guid":{"rendered":"https:\/\/www.finsdesiecles-artdeco.com\/?product=bibliotheques"},"modified":"2023-07-18T10:06:21","modified_gmt":"2023-07-18T10:06:21","slug":"paire-de-petites-bibliotheques-italie-1950","status":"publish","type":"product","link":"https:\/\/www.finsdesiecles-artdeco.com\/fr\/product\/paire-de-petites-bibliotheques-italie-1950\/","title":{"rendered":"Paire de petites biblioth\u00e8ques &#8211; Italie 1950"},"content":{"rendered":"<p>Paire de petites biblioth\u00e8ques &#8211; Italie 1950<\/p>\n<hr \/>\n<p><b>Dimensions<\/b><\/p>\n<ul>\n<li><b>cm:<\/b> 83 x 31 x 109<\/li>\n<li><b>inches:<\/b> 32.68 x 12.2 x 42.91<\/li>\n<\/ul>\n","protected":false},"excerpt":{"rendered":"<p>Paire de petites biblioth\u00e8ques en acier noir\u00e7i, \u00e9tag\u00e8res modulables en acajou finition gomme-laque et cire, pieds r\u00e9glables en laiton nickel\u00e9.<\/p>\n<p>Italie vers 1950.<\/p>\n<p>&nbsp;<\/p>\n<p><b>Dimensions<\/b><\/p>\n<ul>\n<li><b>cm:<\/b> 83 x 31 x 109<\/li>\n<li><b>inches:<\/b> 32.68 x 12.2 x 42.91<\/li>\n<\/ul>\n","protected":false},"featured_media":24113,"template":"","meta":{"_editorskit_title_hidden":false,"_editorskit_reading_time":0,"_editorskit_is_block_options_detached":false,"_editorskit_block_options_position":"{}","inline_featured_image":false},"product_brand":[],"product_cat":[415,444,276,300],"product_tag":[],"class_list":{"0":"post-4584","1":"product","2":"type-product","3":"status-publish","4":"has-post-thumbnail","6":"product_cat-meubles-de-rangement","7":"product_cat-etageres","8":"product_cat-auxiliaires","9":"product_cat-bibliotheques","11":"first","12":"instock","13":"purchasable","14":"product-type-simple"},"_links":{"self":[{"href":"https:\/\/www.finsdesiecles-artdeco.com\/fr\/wp-json\/wp\/v2\/product\/4584","targetHints":{"allow":["GET"]}}],"collection":[{"href":"https:\/\/www.finsdesiecles-artdeco.com\/fr\/wp-json\/wp\/v2\/product"}],"about":[{"href":"https:\/\/www.finsdesiecles-artdeco.com\/fr\/wp-json\/wp\/v2\/types\/product"}],"wp:featuredmedia":[{"embeddable":true,"href":"https:\/\/www.finsdesiecles-artdeco.com\/fr\/wp-json\/wp\/v2\/media\/24113"}],"wp:attachment":[{"href":"https:\/\/www.finsdesiecles-artdeco.com\/fr\/wp-json\/wp\/v2\/media?parent=4584"}],"wp:term":[{"taxonomy":"product_brand","embeddable":true,"href":"https:\/\/www.finsdesiecles-artdeco.com\/fr\/wp-json\/wp\/v2\/product_brand?post=4584"},{"taxonomy":"product_cat","embeddable":true,"href":"https:\/\/www.finsdesiecles-artdeco.com\/fr\/wp-json\/wp\/v2\/product_cat?post=4584"},{"taxonomy":"product_tag","embeddable":true,"href":"https:\/\/www.finsdesiecles-artdeco.com\/fr\/wp-json\/wp\/v2\/product_tag?post=4584"}],"curies":[{"name":"wp","href":"https:\/\/api.w.org\/{rel}","templated":true}]}}