{"id":4627,"date":"2018-11-08T11:35:40","date_gmt":"2018-11-08T11:35:40","guid":{"rendered":"https:\/\/www.finsdesiecles-artdeco.com\/?product=appliques"},"modified":"2022-10-13T10:33:48","modified_gmt":"2022-10-13T10:33:48","slug":"applique-par-maison-lunel-france-1950","status":"publish","type":"product","link":"https:\/\/www.finsdesiecles-artdeco.com\/fr\/product\/applique-par-maison-lunel-france-1950\/","title":{"rendered":"Applique par\u00a0Maison Lunel &#8211; France 1950"},"content":{"rendered":"<p>Applique par\u00a0Maison Lunel &#8211; France 1950<\/p>\n<hr \/>\n<p><b>Dimensions<\/b><\/p>\n<ul>\n<li><b>cm:<\/b> Max 90 x Max 100 x 38<\/li>\n<li><b>inches:<\/b> Max 35.43 x Max 39.37 x 14.96<\/li>\n<\/ul>\n","protected":false},"excerpt":{"rendered":"<p>Grande applique \u00e0 bras oscillant multi-directionnel en laiton massif, contre-poids en acier noir\u00e7i, diffuseur de lumi\u00e8re en perspex, abat-jour refait \u00e0 neuf en toile noire int\u00e9rieur dor\u00e9.<\/p>\n<p>Fabricant: Maison Lunel.<\/p>\n<p>France vers 1950<\/p>\n<p>&nbsp;<\/p>\n<p>Abat-jour: Diam. 42 cm<\/p>\n<p><b>Dimensions<\/b><\/p>\n<ul>\n<li><b>cm:<\/b> Max 90 x Max 100 x 38<\/li>\n<li><b>inches:<\/b> Max 35.43 x Max 39.37 x 14.96<\/li>\n<\/ul>\n","protected":false},"featured_media":4620,"template":"","meta":{"_editorskit_title_hidden":false,"_editorskit_reading_time":0,"_editorskit_is_block_options_detached":false,"_editorskit_block_options_position":"{}","inline_featured_image":false},"product_brand":[],"product_cat":[264,354],"product_tag":[],"class_list":{"0":"post-4627","1":"product","2":"type-product","3":"status-publish","4":"has-post-thumbnail","6":"product_cat-luminaires","7":"product_cat-appliques","9":"first","10":"instock","11":"purchasable","12":"product-type-simple"},"_links":{"self":[{"href":"https:\/\/www.finsdesiecles-artdeco.com\/fr\/wp-json\/wp\/v2\/product\/4627","targetHints":{"allow":["GET"]}}],"collection":[{"href":"https:\/\/www.finsdesiecles-artdeco.com\/fr\/wp-json\/wp\/v2\/product"}],"about":[{"href":"https:\/\/www.finsdesiecles-artdeco.com\/fr\/wp-json\/wp\/v2\/types\/product"}],"wp:featuredmedia":[{"embeddable":true,"href":"https:\/\/www.finsdesiecles-artdeco.com\/fr\/wp-json\/wp\/v2\/media\/4620"}],"wp:attachment":[{"href":"https:\/\/www.finsdesiecles-artdeco.com\/fr\/wp-json\/wp\/v2\/media?parent=4627"}],"wp:term":[{"taxonomy":"product_brand","embeddable":true,"href":"https:\/\/www.finsdesiecles-artdeco.com\/fr\/wp-json\/wp\/v2\/product_brand?post=4627"},{"taxonomy":"product_cat","embeddable":true,"href":"https:\/\/www.finsdesiecles-artdeco.com\/fr\/wp-json\/wp\/v2\/product_cat?post=4627"},{"taxonomy":"product_tag","embeddable":true,"href":"https:\/\/www.finsdesiecles-artdeco.com\/fr\/wp-json\/wp\/v2\/product_tag?post=4627"}],"curies":[{"name":"wp","href":"https:\/\/api.w.org\/{rel}","templated":true}]}}