{"id":4641,"date":"2018-11-13T19:24:12","date_gmt":"2018-11-13T19:24:12","guid":{"rendered":"https:\/\/www.finsdesiecles-artdeco.com\/?product=miroirs"},"modified":"2022-10-13T10:27:48","modified_gmt":"2022-10-13T10:27:48","slug":"miroir-biseaute-asymetrique-italie-1960","status":"publish","type":"product","link":"https:\/\/www.finsdesiecles-artdeco.com\/fr\/product\/miroir-biseaute-asymetrique-italie-1960\/","title":{"rendered":"Miroir biseaut\u00e9 asym\u00e9trique &#8211; Italie 1960"},"content":{"rendered":"<p>Miroir biseaut\u00e9 asym\u00e9trique &#8211; Italie 1960<\/p>\n<hr \/>\n<p><b>Dimensions<\/b><\/p>\n<ul>\n<li><b>cm:<\/b> 54 x 3 x 68<\/li>\n<li><b>inches:<\/b> 21.26 x 1.18 x 26.77<\/li>\n<\/ul>\n","protected":false},"excerpt":{"rendered":"<p>Miroir biseaut\u00e9 asym\u00e9trique, encadrement en glace bleue. Glace d\u00b4origine.<\/p>\n<p>Italie vers 1960<\/p>\n<p><b>Dimensions<\/b><\/p>\n<ul>\n<li><b>cm:<\/b> 54 x 3 x 68<\/li>\n<li><b>inches:<\/b> 21.26 x 1.18 x 26.77<\/li>\n<\/ul>\n","protected":false},"featured_media":4637,"template":"","meta":{"_editorskit_title_hidden":false,"_editorskit_reading_time":0,"_editorskit_is_block_options_detached":false,"_editorskit_block_options_position":"{}","inline_featured_image":false},"product_brand":[],"product_cat":[342,454],"product_tag":[],"class_list":{"0":"post-4641","1":"product","2":"type-product","3":"status-publish","4":"has-post-thumbnail","6":"product_cat-miroirs","7":"product_cat-miroirs-fr","9":"first","10":"instock","11":"purchasable","12":"product-type-simple"},"_links":{"self":[{"href":"https:\/\/www.finsdesiecles-artdeco.com\/fr\/wp-json\/wp\/v2\/product\/4641","targetHints":{"allow":["GET"]}}],"collection":[{"href":"https:\/\/www.finsdesiecles-artdeco.com\/fr\/wp-json\/wp\/v2\/product"}],"about":[{"href":"https:\/\/www.finsdesiecles-artdeco.com\/fr\/wp-json\/wp\/v2\/types\/product"}],"wp:featuredmedia":[{"embeddable":true,"href":"https:\/\/www.finsdesiecles-artdeco.com\/fr\/wp-json\/wp\/v2\/media\/4637"}],"wp:attachment":[{"href":"https:\/\/www.finsdesiecles-artdeco.com\/fr\/wp-json\/wp\/v2\/media?parent=4641"}],"wp:term":[{"taxonomy":"product_brand","embeddable":true,"href":"https:\/\/www.finsdesiecles-artdeco.com\/fr\/wp-json\/wp\/v2\/product_brand?post=4641"},{"taxonomy":"product_cat","embeddable":true,"href":"https:\/\/www.finsdesiecles-artdeco.com\/fr\/wp-json\/wp\/v2\/product_cat?post=4641"},{"taxonomy":"product_tag","embeddable":true,"href":"https:\/\/www.finsdesiecles-artdeco.com\/fr\/wp-json\/wp\/v2\/product_tag?post=4641"}],"curies":[{"name":"wp","href":"https:\/\/api.w.org\/{rel}","templated":true}]}}