{"id":4678,"date":"2018-11-24T17:23:51","date_gmt":"2018-11-24T17:23:51","guid":{"rendered":"https:\/\/www.finsdesiecles-artdeco.com\/?product=paravents"},"modified":"2022-10-08T11:38:13","modified_gmt":"2022-10-08T11:38:13","slug":"paravent-a-trois-feuilles-france-1960","status":"publish","type":"product","link":"https:\/\/www.finsdesiecles-artdeco.com\/fr\/product\/paravent-a-trois-feuilles-france-1960\/","title":{"rendered":"Paravent \u00e0 trois feuilles &#8211; France 1960"},"content":{"rendered":"<p>Paravent \u00e0 trois feuilles &#8211; France 1960<\/p>\n<hr \/>\n<p><b>Dimensions<\/b><\/p>\n<ul>\n<li><b>cm:<\/b> 150 x 2 x 173<\/li>\n<li><b>inches:<\/b> 59.06 x 0.79 x 68.11<\/li>\n<\/ul>\n","protected":false},"excerpt":{"rendered":"<p>Amusant paravent \u00e0 trois feuilles, structure en bois rembourr\u00e9e de coton et tapiss\u00e9e de vinyle \u00e0 d\u00e9cor de chevaux \u00ab\u00a0pr\u00e9historiques\u00a0\u00bb. Finition clous dor\u00e9s.<\/p>\n<p>France vers 1960.<\/p>\n<p><b>Dimensions<\/b><\/p>\n<ul>\n<li><b>cm:<\/b> 150 x 2 x 173<\/li>\n<li><b>inches:<\/b> 59.06 x 0.79 x 68.11<\/li>\n<\/ul>\n","protected":false},"featured_media":4673,"template":"","meta":{"_editorskit_title_hidden":false,"_editorskit_reading_time":0,"_editorskit_is_block_options_detached":false,"_editorskit_block_options_position":"{}","inline_featured_image":false},"product_brand":[],"product_cat":[686],"product_tag":[],"class_list":{"0":"post-4678","1":"product","2":"type-product","3":"status-publish","4":"has-post-thumbnail","6":"product_cat-divers","8":"first","9":"instock","10":"purchasable","11":"product-type-simple"},"_links":{"self":[{"href":"https:\/\/www.finsdesiecles-artdeco.com\/fr\/wp-json\/wp\/v2\/product\/4678","targetHints":{"allow":["GET"]}}],"collection":[{"href":"https:\/\/www.finsdesiecles-artdeco.com\/fr\/wp-json\/wp\/v2\/product"}],"about":[{"href":"https:\/\/www.finsdesiecles-artdeco.com\/fr\/wp-json\/wp\/v2\/types\/product"}],"wp:featuredmedia":[{"embeddable":true,"href":"https:\/\/www.finsdesiecles-artdeco.com\/fr\/wp-json\/wp\/v2\/media\/4673"}],"wp:attachment":[{"href":"https:\/\/www.finsdesiecles-artdeco.com\/fr\/wp-json\/wp\/v2\/media?parent=4678"}],"wp:term":[{"taxonomy":"product_brand","embeddable":true,"href":"https:\/\/www.finsdesiecles-artdeco.com\/fr\/wp-json\/wp\/v2\/product_brand?post=4678"},{"taxonomy":"product_cat","embeddable":true,"href":"https:\/\/www.finsdesiecles-artdeco.com\/fr\/wp-json\/wp\/v2\/product_cat?post=4678"},{"taxonomy":"product_tag","embeddable":true,"href":"https:\/\/www.finsdesiecles-artdeco.com\/fr\/wp-json\/wp\/v2\/product_tag?post=4678"}],"curies":[{"name":"wp","href":"https:\/\/api.w.org\/{rel}","templated":true}]}}