{"id":4915,"date":"2019-01-26T17:46:53","date_gmt":"2019-01-26T17:46:53","guid":{"rendered":"https:\/\/www.finsdesiecles-artdeco.com\/?product=lampes-de-table"},"modified":"2023-01-12T15:38:59","modified_gmt":"2023-01-12T15:38:59","slug":"lampe-de-table-en-dm-espagne-1980","status":"publish","type":"product","link":"https:\/\/www.finsdesiecles-artdeco.com\/fr\/product\/lampe-de-table-en-dm-espagne-1980\/","title":{"rendered":"Lampe de table en DM &#8211; Espagne 1980"},"content":{"rendered":"<p>Lampe de table en DM &#8211; Espagne 1980<\/p>\n<hr \/>\n<p><b>Dimensions<\/b><\/p>\n<ul>\n<li><b>cm:<\/b> Diam 40 x 48<\/li>\n<li><b>inches:<\/b> Diam 15.75 x 18.9<\/li>\n<\/ul>\n","protected":false},"excerpt":{"rendered":"<p>Lampe de table en DM \u00e0 applications de h\u00eatre et de sapin entourant un cylindre en plexiglas habill\u00e9 de papier-parchemin cachant l&rsquo;ampoule.\u00a0Pi\u00e8ce unique r\u00e9alis\u00e9e pour un night-club de Figueres (Espagne).<\/p>\n<p>Espagne, Figueres c. 1980<\/p>\n<p>&nbsp;<\/p>\n<p><b>Dimensions<\/b><\/p>\n<ul>\n<li><b>cm:<\/b> Diam 40 x 48<\/li>\n<li><b>inches:<\/b> Diam 15.75 x 18.9<\/li>\n<\/ul>\n","protected":false},"featured_media":4908,"template":"","meta":{"_editorskit_title_hidden":false,"_editorskit_reading_time":0,"_editorskit_is_block_options_detached":false,"_editorskit_block_options_position":"{}","inline_featured_image":false},"product_brand":[],"product_cat":[264,333],"product_tag":[],"class_list":{"0":"post-4915","1":"product","2":"type-product","3":"status-publish","4":"has-post-thumbnail","6":"product_cat-luminaires","7":"product_cat-lampes-de-table","9":"first","10":"instock","11":"purchasable","12":"product-type-simple"},"_links":{"self":[{"href":"https:\/\/www.finsdesiecles-artdeco.com\/fr\/wp-json\/wp\/v2\/product\/4915","targetHints":{"allow":["GET"]}}],"collection":[{"href":"https:\/\/www.finsdesiecles-artdeco.com\/fr\/wp-json\/wp\/v2\/product"}],"about":[{"href":"https:\/\/www.finsdesiecles-artdeco.com\/fr\/wp-json\/wp\/v2\/types\/product"}],"wp:featuredmedia":[{"embeddable":true,"href":"https:\/\/www.finsdesiecles-artdeco.com\/fr\/wp-json\/wp\/v2\/media\/4908"}],"wp:attachment":[{"href":"https:\/\/www.finsdesiecles-artdeco.com\/fr\/wp-json\/wp\/v2\/media?parent=4915"}],"wp:term":[{"taxonomy":"product_brand","embeddable":true,"href":"https:\/\/www.finsdesiecles-artdeco.com\/fr\/wp-json\/wp\/v2\/product_brand?post=4915"},{"taxonomy":"product_cat","embeddable":true,"href":"https:\/\/www.finsdesiecles-artdeco.com\/fr\/wp-json\/wp\/v2\/product_cat?post=4915"},{"taxonomy":"product_tag","embeddable":true,"href":"https:\/\/www.finsdesiecles-artdeco.com\/fr\/wp-json\/wp\/v2\/product_tag?post=4915"}],"curies":[{"name":"wp","href":"https:\/\/api.w.org\/{rel}","templated":true}]}}