{"id":5021,"date":"2019-02-26T11:05:06","date_gmt":"2019-02-26T11:05:06","guid":{"rendered":"https:\/\/www.finsdesiecles-artdeco.com\/?product=ceramiques"},"modified":"2022-08-27T11:35:26","modified_gmt":"2022-08-27T11:35:26","slug":"art-deco-cache-pot-par-orchies-france-1930","status":"publish","type":"product","link":"https:\/\/www.finsdesiecles-artdeco.com\/fr\/product\/art-deco-cache-pot-par-orchies-france-1930\/","title":{"rendered":"Art D\u00e9co cache-pot par Orchies &#8211; France 1930"},"content":{"rendered":"<p>Art D\u00e9co cache-pot par Orchies &#8211; France 1930<\/p>\n<hr \/>\n<p><b>Dimensions<\/b><\/p>\n<ul>\n<li><b>cm:<\/b> Diam 31 x 28<\/li>\n<li><b>inches:<\/b> Diam 12.2 x 11.02<\/li>\n<\/ul>\n","protected":false},"excerpt":{"rendered":"<p>Grand Art D\u00e9co cache-pot en c\u00e9ramique emaill\u00e9e jaune avec d\u00e9cor g\u00e9ometrique.<\/p>\n<p>Fabricant: Orchies<\/p>\n<p>France vers 1930<\/p>\n<p><b>Dimensions<\/b><\/p>\n<ul>\n<li><b>cm:<\/b> Diam 31 x 28<\/li>\n<li><b>inches:<\/b> Diam 12.2 x 11.02<\/li>\n<\/ul>\n","protected":false},"featured_media":5016,"template":"","meta":{"_editorskit_title_hidden":false,"_editorskit_reading_time":0,"_editorskit_is_block_options_detached":false,"_editorskit_block_options_position":"{}","inline_featured_image":false},"product_brand":[],"product_cat":[267,462],"product_tag":[],"class_list":{"0":"post-5021","1":"product","2":"type-product","3":"status-publish","4":"has-post-thumbnail","6":"product_cat-objets-et-accessoires","7":"product_cat-ceramiques","9":"first","10":"instock","11":"purchasable","12":"product-type-simple"},"_links":{"self":[{"href":"https:\/\/www.finsdesiecles-artdeco.com\/fr\/wp-json\/wp\/v2\/product\/5021","targetHints":{"allow":["GET"]}}],"collection":[{"href":"https:\/\/www.finsdesiecles-artdeco.com\/fr\/wp-json\/wp\/v2\/product"}],"about":[{"href":"https:\/\/www.finsdesiecles-artdeco.com\/fr\/wp-json\/wp\/v2\/types\/product"}],"wp:featuredmedia":[{"embeddable":true,"href":"https:\/\/www.finsdesiecles-artdeco.com\/fr\/wp-json\/wp\/v2\/media\/5016"}],"wp:attachment":[{"href":"https:\/\/www.finsdesiecles-artdeco.com\/fr\/wp-json\/wp\/v2\/media?parent=5021"}],"wp:term":[{"taxonomy":"product_brand","embeddable":true,"href":"https:\/\/www.finsdesiecles-artdeco.com\/fr\/wp-json\/wp\/v2\/product_brand?post=5021"},{"taxonomy":"product_cat","embeddable":true,"href":"https:\/\/www.finsdesiecles-artdeco.com\/fr\/wp-json\/wp\/v2\/product_cat?post=5021"},{"taxonomy":"product_tag","embeddable":true,"href":"https:\/\/www.finsdesiecles-artdeco.com\/fr\/wp-json\/wp\/v2\/product_tag?post=5021"}],"curies":[{"name":"wp","href":"https:\/\/api.w.org\/{rel}","templated":true}]}}