{"id":5124,"date":"2019-03-04T18:04:59","date_gmt":"2019-03-04T18:04:59","guid":{"rendered":"https:\/\/www.finsdesiecles-artdeco.com\/?product=etageres"},"modified":"2022-10-07T10:09:57","modified_gmt":"2022-10-07T10:09:57","slug":"etagere-de-magasin-france-1950","status":"publish","type":"product","link":"https:\/\/www.finsdesiecles-artdeco.com\/fr\/product\/etagere-de-magasin-france-1950\/","title":{"rendered":"\u00c9tag\u00e8re de magasin &#8211; France 1950"},"content":{"rendered":"<p>\u00c9tag\u00e8re de magasin &#8211; France 1950<\/p>\n<hr \/>\n<p><b>Dimensions<\/b><\/p>\n<ul>\n<li><b>cm:<\/b> 160 x 24 x 98<\/li>\n<li><b>inches:<\/b> 62.99 x 9.45 x 38.58<\/li>\n<\/ul>\n","protected":false},"excerpt":{"rendered":"<p>\u00c9tag\u00e8re de magasin en aluminium poli et trois tablettes en verre de s\u00e9curit\u00e9. Enti\u00e8rement d\u00e9montable.<\/p>\n<p>France vers 1950.<\/p>\n<p><b>Dimensions<\/b><\/p>\n<ul>\n<li><b>cm:<\/b> 160 x 24 x 98<\/li>\n<li><b>inches:<\/b> 62.99 x 9.45 x 38.58<\/li>\n<\/ul>\n","protected":false},"featured_media":5118,"template":"","meta":{"_editorskit_title_hidden":false,"_editorskit_reading_time":0,"_editorskit_is_block_options_detached":false,"_editorskit_block_options_position":"{}","inline_featured_image":false},"product_brand":[],"product_cat":[276,444],"product_tag":[],"class_list":{"0":"post-5124","1":"product","2":"type-product","3":"status-publish","4":"has-post-thumbnail","6":"product_cat-auxiliaires","7":"product_cat-etageres","9":"first","10":"instock","11":"purchasable","12":"product-type-simple"},"_links":{"self":[{"href":"https:\/\/www.finsdesiecles-artdeco.com\/fr\/wp-json\/wp\/v2\/product\/5124","targetHints":{"allow":["GET"]}}],"collection":[{"href":"https:\/\/www.finsdesiecles-artdeco.com\/fr\/wp-json\/wp\/v2\/product"}],"about":[{"href":"https:\/\/www.finsdesiecles-artdeco.com\/fr\/wp-json\/wp\/v2\/types\/product"}],"wp:featuredmedia":[{"embeddable":true,"href":"https:\/\/www.finsdesiecles-artdeco.com\/fr\/wp-json\/wp\/v2\/media\/5118"}],"wp:attachment":[{"href":"https:\/\/www.finsdesiecles-artdeco.com\/fr\/wp-json\/wp\/v2\/media?parent=5124"}],"wp:term":[{"taxonomy":"product_brand","embeddable":true,"href":"https:\/\/www.finsdesiecles-artdeco.com\/fr\/wp-json\/wp\/v2\/product_brand?post=5124"},{"taxonomy":"product_cat","embeddable":true,"href":"https:\/\/www.finsdesiecles-artdeco.com\/fr\/wp-json\/wp\/v2\/product_cat?post=5124"},{"taxonomy":"product_tag","embeddable":true,"href":"https:\/\/www.finsdesiecles-artdeco.com\/fr\/wp-json\/wp\/v2\/product_tag?post=5124"}],"curies":[{"name":"wp","href":"https:\/\/api.w.org\/{rel}","templated":true}]}}