{"id":5199,"date":"2019-03-25T13:19:36","date_gmt":"2019-03-25T13:19:36","guid":{"rendered":"https:\/\/www.finsdesiecles-artdeco.com\/?product=chaises"},"modified":"2022-10-06T11:55:59","modified_gmt":"2022-10-06T11:55:59","slug":"serie-de-six-chaises-art-deco-france-1930","status":"publish","type":"product","link":"https:\/\/www.finsdesiecles-artdeco.com\/fr\/product\/serie-de-six-chaises-art-deco-france-1930\/","title":{"rendered":"S\u00e9rie de six chaises Art D\u00e9co &#8211; France 1930"},"content":{"rendered":"<p>S\u00e9rie de six chaises Art D\u00e9co &#8211; France 1930<\/p>\n<hr \/>\n<p><b>Dimensions<\/b><\/p>\n<ul>\n<li><b>cm:<\/b> 44 x 49 x 80 Assise 46<\/li>\n<li><b>inches:<\/b> 17.32 x 19.29 x 31.5 Assise 18.11<\/li>\n<\/ul>\n","protected":false},"excerpt":{"rendered":"<p>S\u00e9rie de six chaises Art D\u00e9co en noyer massif et placage d&rsquo;\u00e9b\u00e8ne de Macassar verni au tampon, assises refaites \u00e0 neuf en velours vert C\u00e9ladon.<\/p>\n<p>France vers 1930.<\/p>\n<p><b>Dimensions<\/b><\/p>\n<ul>\n<li><b>cm:<\/b> 44 x 49 x 80 Assise 46<\/li>\n<li><b>inches:<\/b> 17.32 x 19.29 x 31.5 Assise 18.11<\/li>\n<\/ul>\n","protected":false},"featured_media":5184,"template":"","meta":{"_editorskit_title_hidden":false,"_editorskit_reading_time":0,"_editorskit_is_block_options_detached":false,"_editorskit_block_options_position":"{}","inline_featured_image":false},"product_brand":[],"product_cat":[250,279],"product_tag":[],"class_list":{"0":"post-5199","1":"product","2":"type-product","3":"status-publish","4":"has-post-thumbnail","6":"product_cat-sieges","7":"product_cat-chaises","9":"first","10":"instock","11":"purchasable","12":"product-type-simple"},"_links":{"self":[{"href":"https:\/\/www.finsdesiecles-artdeco.com\/fr\/wp-json\/wp\/v2\/product\/5199","targetHints":{"allow":["GET"]}}],"collection":[{"href":"https:\/\/www.finsdesiecles-artdeco.com\/fr\/wp-json\/wp\/v2\/product"}],"about":[{"href":"https:\/\/www.finsdesiecles-artdeco.com\/fr\/wp-json\/wp\/v2\/types\/product"}],"wp:featuredmedia":[{"embeddable":true,"href":"https:\/\/www.finsdesiecles-artdeco.com\/fr\/wp-json\/wp\/v2\/media\/5184"}],"wp:attachment":[{"href":"https:\/\/www.finsdesiecles-artdeco.com\/fr\/wp-json\/wp\/v2\/media?parent=5199"}],"wp:term":[{"taxonomy":"product_brand","embeddable":true,"href":"https:\/\/www.finsdesiecles-artdeco.com\/fr\/wp-json\/wp\/v2\/product_brand?post=5199"},{"taxonomy":"product_cat","embeddable":true,"href":"https:\/\/www.finsdesiecles-artdeco.com\/fr\/wp-json\/wp\/v2\/product_cat?post=5199"},{"taxonomy":"product_tag","embeddable":true,"href":"https:\/\/www.finsdesiecles-artdeco.com\/fr\/wp-json\/wp\/v2\/product_tag?post=5199"}],"curies":[{"name":"wp","href":"https:\/\/api.w.org\/{rel}","templated":true}]}}