{"id":5318,"date":"2019-04-26T11:55:32","date_gmt":"2019-04-26T11:55:32","guid":{"rendered":"https:\/\/www.finsdesiecles-artdeco.com\/?product=gueridons"},"modified":"2023-02-17T16:01:27","modified_gmt":"2023-02-17T16:01:27","slug":"table-de-salon-tripode-par-guglielmo-ulrich-italie-1958","status":"publish","type":"product","link":"https:\/\/www.finsdesiecles-artdeco.com\/fr\/product\/table-de-salon-tripode-par-guglielmo-ulrich-italie-1958\/","title":{"rendered":"Table de salon tripode par Guglielmo Ulrich &#8211; Italie 1958."},"content":{"rendered":"<p><strong>Guglielmo Ulrich<\/strong> (Milan, Italie, 1904 -1977)<\/p>\n<p>Issu d&rsquo;une famille d&rsquo;origine danoise, Guglielmo Ulrich s&rsquo;est impos\u00e9 comme l&rsquo;architecte de la classe sup\u00e9rieure milanaise \u00e0 la fin des ann\u00e9es 20, restant actif jusqu\u2019aux ann\u00e9es 70. Connu pour ses meubles de luxe modernes, d\u2019une ex\u00e9cution superlative utilisant des mat\u00e9riaux raffin\u00e9s, Ulrich a con\u00e7u principalement des chaises, des fauteuils, des consoles et des tables des lignes a\u00e9rodynamiques. L&rsquo;inclination naturelle d&rsquo;Ulrich pour le mobilier s&rsquo;est mari\u00e9e \u00e0 sa passion pour l&rsquo;architecture lorsqu&rsquo;il a con\u00e7u les maisons de certaines des grandes familles milanaises (Crespi, Pirelli), ainsi que des ateliers de mode c\u00e9l\u00e8bres, de Curiel \u00e0 Schubert, et des boutiques \u00e9l\u00e9gantes au c\u0153ur de Milan, des bijoux Faraone \u00e0 la soierie Ferrari. Fondateur de l&rsquo;entreprise de meubles Arca avec l&rsquo;entrepreneur suisse Renato Wild, Ulrich a \u00e9galement dirig\u00e9 le magazine Domus de 1942 \u00e0 1943 avec l&rsquo;architecte Melchiorre Bega.<\/p>\n","protected":false},"excerpt":{"rendered":"<p>Grande table de salon tripode en bois de rose massif verni au tampon, verre de forte \u00e9paisseur original.<\/p>\n<p>Design: Gugliermo Ulrich.<\/p>\n<p>Italie vers 1958.<\/p>\n<p><b>Dimensions<\/b><\/p>\n<ul>\n<li><b>cm:<\/b> Diam 90 x 54<\/li>\n<li><b>inches:<\/b> Diam 35.43 x 21.26<\/li>\n<\/ul>\n","protected":false},"featured_media":5312,"template":"","meta":{"_editorskit_title_hidden":false,"_editorskit_reading_time":0,"_editorskit_is_block_options_detached":false,"_editorskit_block_options_position":"{}","inline_featured_image":false},"product_brand":[],"product_cat":[256,291],"product_tag":[],"class_list":{"0":"post-5318","1":"product","2":"type-product","3":"status-publish","4":"has-post-thumbnail","6":"product_cat-tables","7":"product_cat-tables-basses","9":"first","10":"instock","11":"purchasable","12":"product-type-simple"},"_links":{"self":[{"href":"https:\/\/www.finsdesiecles-artdeco.com\/fr\/wp-json\/wp\/v2\/product\/5318","targetHints":{"allow":["GET"]}}],"collection":[{"href":"https:\/\/www.finsdesiecles-artdeco.com\/fr\/wp-json\/wp\/v2\/product"}],"about":[{"href":"https:\/\/www.finsdesiecles-artdeco.com\/fr\/wp-json\/wp\/v2\/types\/product"}],"wp:featuredmedia":[{"embeddable":true,"href":"https:\/\/www.finsdesiecles-artdeco.com\/fr\/wp-json\/wp\/v2\/media\/5312"}],"wp:attachment":[{"href":"https:\/\/www.finsdesiecles-artdeco.com\/fr\/wp-json\/wp\/v2\/media?parent=5318"}],"wp:term":[{"taxonomy":"product_brand","embeddable":true,"href":"https:\/\/www.finsdesiecles-artdeco.com\/fr\/wp-json\/wp\/v2\/product_brand?post=5318"},{"taxonomy":"product_cat","embeddable":true,"href":"https:\/\/www.finsdesiecles-artdeco.com\/fr\/wp-json\/wp\/v2\/product_cat?post=5318"},{"taxonomy":"product_tag","embeddable":true,"href":"https:\/\/www.finsdesiecles-artdeco.com\/fr\/wp-json\/wp\/v2\/product_tag?post=5318"}],"curies":[{"name":"wp","href":"https:\/\/api.w.org\/{rel}","templated":true}]}}