{"id":5365,"date":"2019-05-06T11:07:59","date_gmt":"2019-05-06T11:07:59","guid":{"rendered":"https:\/\/www.finsdesiecles-artdeco.com\/?product=lampadaires"},"modified":"2023-02-11T10:40:49","modified_gmt":"2023-02-11T10:40:49","slug":"lampadaire-par-jordi-vilanova-barcelone-1960-3","status":"publish","type":"product","link":"https:\/\/www.finsdesiecles-artdeco.com\/fr\/product\/lampadaire-par-jordi-vilanova-barcelone-1960-3\/","title":{"rendered":"Lampadaire par Jordi Vilanova &#8211; Barcelone 1960"},"content":{"rendered":"<p>Architecte d&rsquo;int\u00e9rieur et \u00e9b\u00e9niste catalan. Il \u00e9tudia \u00e0 l&rsquo;Escola del Treball i Oficis Art\u00edstics et \u00e0 La Llotja, et suivit une excellente formation \u00e0 la Casa Busquets et \u00e0 l&rsquo;atelier de d\u00e9coration de Lluis Gili, jusqu&rsquo;\u00e0 ce qu&rsquo;il fonde sa propre entreprise de design d&rsquo;int\u00e9rieur en 1952. Il \u00e9tait membre du groupe artistique multidisciplinaire La Cantonada (1960-1975). Son mobilier moderne et son approche de l&rsquo;espace n&rsquo;\u00e9taient pas compris de la grande majorit\u00e9 \u00e0 laquelle son travail s&rsquo;adressait, mais c&rsquo;\u00e9tait une certaine bourgeoisie catalane, d\u00e9sireuse de rompre avec les canons stylistiques \u00e0 l&rsquo;ancienne, qui l&rsquo;accueillit. Grand admirateur et expert du design nordique, Vilanova est connu comme l&rsquo;introducteur en Espagne des meubles en bois blanc, c&rsquo;est-\u00e0-dire, des meubles sans couleur ni vernis brillant, fonctionnels, simples et raffin\u00e9s. Sa sp\u00e9cialit\u00e9 \u00e9tait le mobilier pour enfants, comme le tabouret Delta qui a remport\u00e9 le Silver Delta Award d\u00e9cern\u00e9 par ADI\/FAD en 1964. D&rsquo;autres cr\u00e9ations repr\u00e9sentatives sont : les chaises Tiracord et Billar (1961) ; le lit superpos\u00e9 Montseny MP (1961); les fauteuils \u00e0 bascule Tartera (1966) et Petit (1978) et le porte-revues Z (1987), con\u00e7u avec son fils Pau Vilanova. Tous ces meubles sont expos\u00e9s au Mus\u00e9e du Design de Barcelone.<\/p>\n","protected":false},"excerpt":{"rendered":"<p>Lampadaire \u00e0 f\u00fbt torsad\u00e9 en noyer massif teint\u00e9 et cir\u00e9 reposant sur un socle en laiton massif, double syst\u00e8me d&rsquo;\u00e9clairage refait \u00e0 neuf, abat-jour en toile vert p\u00e2le.<\/p>\n<p>Design: Jordi Vilanova.<\/p>\n<p>Espagne, Barcelone vers 1960.<\/p>\n<p><b>Dimensions<\/b><\/p>\n<ul>\n<li><b>cm:<\/b> Diam 64 x 166 Base Diam 54<\/li>\n<li><b>inches:<\/b> Diam 25.2 x 65.35 Base Diam 21.26<\/li>\n<\/ul>\n","protected":false},"featured_media":5357,"template":"","meta":{"_editorskit_title_hidden":false,"_editorskit_reading_time":0,"_editorskit_is_block_options_detached":false,"_editorskit_block_options_position":"{}","inline_featured_image":false},"product_brand":[],"product_cat":[264,330],"product_tag":[],"class_list":{"0":"post-5365","1":"product","2":"type-product","3":"status-publish","4":"has-post-thumbnail","6":"product_cat-luminaires","7":"product_cat-lampadaires","9":"first","10":"instock","11":"purchasable","12":"product-type-simple"},"_links":{"self":[{"href":"https:\/\/www.finsdesiecles-artdeco.com\/fr\/wp-json\/wp\/v2\/product\/5365","targetHints":{"allow":["GET"]}}],"collection":[{"href":"https:\/\/www.finsdesiecles-artdeco.com\/fr\/wp-json\/wp\/v2\/product"}],"about":[{"href":"https:\/\/www.finsdesiecles-artdeco.com\/fr\/wp-json\/wp\/v2\/types\/product"}],"wp:featuredmedia":[{"embeddable":true,"href":"https:\/\/www.finsdesiecles-artdeco.com\/fr\/wp-json\/wp\/v2\/media\/5357"}],"wp:attachment":[{"href":"https:\/\/www.finsdesiecles-artdeco.com\/fr\/wp-json\/wp\/v2\/media?parent=5365"}],"wp:term":[{"taxonomy":"product_brand","embeddable":true,"href":"https:\/\/www.finsdesiecles-artdeco.com\/fr\/wp-json\/wp\/v2\/product_brand?post=5365"},{"taxonomy":"product_cat","embeddable":true,"href":"https:\/\/www.finsdesiecles-artdeco.com\/fr\/wp-json\/wp\/v2\/product_cat?post=5365"},{"taxonomy":"product_tag","embeddable":true,"href":"https:\/\/www.finsdesiecles-artdeco.com\/fr\/wp-json\/wp\/v2\/product_tag?post=5365"}],"curies":[{"name":"wp","href":"https:\/\/api.w.org\/{rel}","templated":true}]}}