{"id":5511,"date":"2019-07-29T11:31:36","date_gmt":"2019-07-29T11:31:36","guid":{"rendered":"https:\/\/www.finsdesiecles-artdeco.com\/?product=dressoirs"},"modified":"2022-10-05T11:26:05","modified_gmt":"2022-10-05T11:26:05","slug":"enfilade-art-deco-italie-1930","status":"publish","type":"product","link":"https:\/\/www.finsdesiecles-artdeco.com\/fr\/product\/enfilade-art-deco-italie-1930\/","title":{"rendered":"Enfilade Art D\u00e9co &#8211; Italie 1930"},"content":{"rendered":"<p>Enfilade Art D\u00e9co &#8211; Italie 1930<\/p>\n<hr \/>\n<p><b>Dimensions<\/b><\/p>\n<ul>\n<li><b>cm:<\/b> 223 x 57 x 94<\/li>\n<li><b>inches:<\/b> 87.8 x 22.44 x 37.01<\/li>\n<\/ul>\n","protected":false},"excerpt":{"rendered":"<p>Enfilade Art D\u00e9co \u00e0 trois portes en placage d&rsquo;\u00e9rable mouchet\u00e9, d\u00e9coration de placage de z\u00e9brano entre les portes, verni au tampon. Plateau et pi\u00e8tement laqu\u00e9s noir, int\u00e9rieur en cerisier. Poign\u00e9es, entr\u00e9es de serrure, clef et charni\u00e8res en laiton nickel\u00e9.<\/p>\n<p>Italie vers 1930.<\/p>\n<p><b>Dimensions<\/b><\/p>\n<ul>\n<li><b>cm:<\/b> 223 x 57 x 94<\/li>\n<li><b>inches:<\/b> 87.8 x 22.44 x 37.01<\/li>\n<\/ul>\n","protected":false},"featured_media":5499,"template":"","meta":{"_editorskit_title_hidden":false,"_editorskit_reading_time":0,"_editorskit_is_block_options_detached":false,"_editorskit_block_options_position":"{}","inline_featured_image":false},"product_brand":[],"product_cat":[415,273],"product_tag":[],"class_list":{"0":"post-5511","1":"product","2":"type-product","3":"status-publish","4":"has-post-thumbnail","6":"product_cat-meubles-de-rangement","7":"product_cat-enfilades","9":"first","10":"instock","11":"purchasable","12":"product-type-simple"},"_links":{"self":[{"href":"https:\/\/www.finsdesiecles-artdeco.com\/fr\/wp-json\/wp\/v2\/product\/5511","targetHints":{"allow":["GET"]}}],"collection":[{"href":"https:\/\/www.finsdesiecles-artdeco.com\/fr\/wp-json\/wp\/v2\/product"}],"about":[{"href":"https:\/\/www.finsdesiecles-artdeco.com\/fr\/wp-json\/wp\/v2\/types\/product"}],"wp:featuredmedia":[{"embeddable":true,"href":"https:\/\/www.finsdesiecles-artdeco.com\/fr\/wp-json\/wp\/v2\/media\/5499"}],"wp:attachment":[{"href":"https:\/\/www.finsdesiecles-artdeco.com\/fr\/wp-json\/wp\/v2\/media?parent=5511"}],"wp:term":[{"taxonomy":"product_brand","embeddable":true,"href":"https:\/\/www.finsdesiecles-artdeco.com\/fr\/wp-json\/wp\/v2\/product_brand?post=5511"},{"taxonomy":"product_cat","embeddable":true,"href":"https:\/\/www.finsdesiecles-artdeco.com\/fr\/wp-json\/wp\/v2\/product_cat?post=5511"},{"taxonomy":"product_tag","embeddable":true,"href":"https:\/\/www.finsdesiecles-artdeco.com\/fr\/wp-json\/wp\/v2\/product_tag?post=5511"}],"curies":[{"name":"wp","href":"https:\/\/api.w.org\/{rel}","templated":true}]}}