{"id":5613,"date":"2019-09-10T17:17:43","date_gmt":"2019-09-10T17:17:43","guid":{"rendered":"https:\/\/www.finsdesiecles-artdeco.com\/?product=lampes-de-table"},"modified":"2025-03-03T16:10:34","modified_gmt":"2025-03-03T16:10:34","slug":"grande-lampe-de-bureau-articulee-vers-1960","status":"publish","type":"product","link":"https:\/\/www.finsdesiecles-artdeco.com\/fr\/product\/grande-lampe-de-bureau-articulee-vers-1960\/","title":{"rendered":"Grande lampe de bureau articul\u00e9e vers 1960"},"content":{"rendered":"<p>Grande lampe de bureau articul\u00e9e vers 1960<\/p>\n<hr \/>\n<p><b>Dimensions<\/b><\/p>\n<ul>\n<li><b>cm:<\/b> 50 x 22 x Max 87 Min 57<\/li>\n<li><b>inches:<\/b> 19.69 x 8.66 x Max 34.25 Min 22.44<\/li>\n<\/ul>\n","protected":false},"excerpt":{"rendered":"<p>Grande lampe de bureau articul\u00e9e en chrome, base en fonte laqu\u00e9 de peinture noire granuleuse et abat-jour laqu\u00e9 noir, mod\u00e8le utilis\u00e9 \u00e0 la C.E.E. vers 1960.<\/p>\n<p>&nbsp;<\/p>\n<p>Prix par unit\u00e9.<\/p>\n<p>Deux lampes en stock.<\/p>\n<p><b>Dimensions<\/b><\/p>\n<ul>\n<li><b>cm:<\/b> 50 x 22 x Max 87 Min 57<\/li>\n<li><b>inches:<\/b> 19.69 x 8.66 x Max 34.25 Min 22.44<\/li>\n<\/ul>\n","protected":false},"featured_media":5603,"template":"","meta":{"_editorskit_title_hidden":false,"_editorskit_reading_time":0,"_editorskit_is_block_options_detached":false,"_editorskit_block_options_position":"{}","inline_featured_image":false},"product_brand":[],"product_cat":[264,333],"product_tag":[],"class_list":{"0":"post-5613","1":"product","2":"type-product","3":"status-publish","4":"has-post-thumbnail","6":"product_cat-luminaires","7":"product_cat-lampes-de-table","9":"first","10":"instock","11":"purchasable","12":"product-type-simple"},"_links":{"self":[{"href":"https:\/\/www.finsdesiecles-artdeco.com\/fr\/wp-json\/wp\/v2\/product\/5613","targetHints":{"allow":["GET"]}}],"collection":[{"href":"https:\/\/www.finsdesiecles-artdeco.com\/fr\/wp-json\/wp\/v2\/product"}],"about":[{"href":"https:\/\/www.finsdesiecles-artdeco.com\/fr\/wp-json\/wp\/v2\/types\/product"}],"wp:featuredmedia":[{"embeddable":true,"href":"https:\/\/www.finsdesiecles-artdeco.com\/fr\/wp-json\/wp\/v2\/media\/5603"}],"wp:attachment":[{"href":"https:\/\/www.finsdesiecles-artdeco.com\/fr\/wp-json\/wp\/v2\/media?parent=5613"}],"wp:term":[{"taxonomy":"product_brand","embeddable":true,"href":"https:\/\/www.finsdesiecles-artdeco.com\/fr\/wp-json\/wp\/v2\/product_brand?post=5613"},{"taxonomy":"product_cat","embeddable":true,"href":"https:\/\/www.finsdesiecles-artdeco.com\/fr\/wp-json\/wp\/v2\/product_cat?post=5613"},{"taxonomy":"product_tag","embeddable":true,"href":"https:\/\/www.finsdesiecles-artdeco.com\/fr\/wp-json\/wp\/v2\/product_tag?post=5613"}],"curies":[{"name":"wp","href":"https:\/\/api.w.org\/{rel}","templated":true}]}}